{"id":6883,"date":"2022-07-15T12:56:58","date_gmt":"2022-07-15T10:56:58","guid":{"rendered":"https:\/\/www.mr-vin.com\/?post_type=product&#038;p=6883"},"modified":"2024-05-30T12:57:08","modified_gmt":"2024-05-30T10:57:08","slug":"vi-damfora-garnacha-negra","status":"publish","type":"product","link":"https:\/\/www.mr-vin.com\/en\/product\/vi-damfora-garnacha-negra\/","title":{"rendered":"Vi d&#8217;amfora garnacha negra"},"content":{"rendered":"<p>El vino Vinyes Dom\u00e9nech Vi d\u2019Amfora es un tinto joven <strong>monovarietal de Garnacha<\/strong>, elaborado por la bodega Celler Vinyes Dom\u00e8nech bajo los principios de la agricultura ecol\u00f3gica y biodin\u00e1mica.<\/p>\n","protected":false},"excerpt":{"rendered":"<p>El vino Vinyes Dom\u00e9nech Vi d\u2019Amfora es un tinto joven monovarietal de Garnacha, elaborado por la bodega Celler Vinyes Dom\u00e8nech\u2026<\/p>\n","protected":false},"featured_media":6884,"template":"","meta":{"inline_featured_image":false,"_monsterinsights_skip_tracking":false,"_monsterinsights_sitenote_active":false,"_monsterinsights_sitenote_note":"","_monsterinsights_sitenote_category":0},"product_brand":[],"product_cat":[792,77],"product_tag":[],"class_list":{"0":"post-6883","1":"product","2":"type-product","3":"status-publish","4":"has-post-thumbnail","6":"product_cat-novedades","7":"product_cat-vinos-tintos","8":"pa_bodega-vinyes-domenech","9":"pa_zona-vinicola-d-o-montsant","11":"first","12":"instock","13":"taxable","14":"shipping-taxable","15":"purchasable","16":"product-type-simple"},"_links":{"self":[{"href":"https:\/\/www.mr-vin.com\/en\/wp-json\/wp\/v2\/product\/6883","targetHints":{"allow":["GET"]}}],"collection":[{"href":"https:\/\/www.mr-vin.com\/en\/wp-json\/wp\/v2\/product"}],"about":[{"href":"https:\/\/www.mr-vin.com\/en\/wp-json\/wp\/v2\/types\/product"}],"wp:featuredmedia":[{"embeddable":true,"href":"https:\/\/www.mr-vin.com\/en\/wp-json\/wp\/v2\/media\/6884"}],"wp:attachment":[{"href":"https:\/\/www.mr-vin.com\/en\/wp-json\/wp\/v2\/media?parent=6883"}],"wp:term":[{"taxonomy":"product_brand","embeddable":true,"href":"https:\/\/www.mr-vin.com\/en\/wp-json\/wp\/v2\/product_brand?post=6883"},{"taxonomy":"product_cat","embeddable":true,"href":"https:\/\/www.mr-vin.com\/en\/wp-json\/wp\/v2\/product_cat?post=6883"},{"taxonomy":"product_tag","embeddable":true,"href":"https:\/\/www.mr-vin.com\/en\/wp-json\/wp\/v2\/product_tag?post=6883"}],"curies":[{"name":"wp","href":"https:\/\/api.w.org\/{rel}","templated":true}]}}