{"id":6870,"date":"2022-07-15T11:32:17","date_gmt":"2022-07-15T09:32:17","guid":{"rendered":"https:\/\/www.mr-vin.com\/?post_type=product&#038;p=6870"},"modified":"2024-05-30T12:57:07","modified_gmt":"2024-05-30T10:57:07","slug":"la-prohibicion-garnacha-tintorera","status":"publish","type":"product","link":"https:\/\/www.mr-vin.com\/en\/product\/la-prohibicion-garnacha-tintorera\/","title":{"rendered":"La Prohibici\u00f3n garnacha tintorera"},"content":{"rendered":"<p>Vino de <strong>producci\u00f3n limitada\u00a0<\/strong>que solo se elabora en a\u00f1adas especiales. Sin duda, una joya de coleccionista ya que son pocos los tintos que nacen en vi\u00f1edos del Bierzo elaborados exclusivamente con la minoritaria <strong>Garnacha tintorera<\/strong>. A pesar de tener fama de variedad algo r\u00fastica, la utilizaci\u00f3n parcial de <strong>rasp\u00f3n maduro y<\/strong> de <strong>maderas nuevas<\/strong>\u00a0pule a este vino hasta dotarlo de una <strong>elegancia<\/strong> que sorprende muy positivamente.<\/p>\n<p>Crianza en barricas de roble franc\u00e9s nuevo de 600 litros.<\/p>\n<p><em>100% Garnacha tintorera<\/em><\/p>\n","protected":false},"excerpt":{"rendered":"<p>Vino de producci\u00f3n limitada\u00a0que solo se elabora en a\u00f1adas especiales. Sin duda, una joya de coleccionista ya que son pocos\u2026<\/p>\n","protected":false},"featured_media":6875,"template":"","meta":{"inline_featured_image":false,"_monsterinsights_skip_tracking":false,"_monsterinsights_sitenote_active":false,"_monsterinsights_sitenote_note":"","_monsterinsights_sitenote_category":0},"product_brand":[],"product_cat":[792,77],"product_tag":[],"class_list":{"0":"post-6870","1":"product","2":"type-product","3":"status-publish","4":"has-post-thumbnail","6":"product_cat-novedades","7":"product_cat-vinos-tintos","8":"pa_bodega-pittacum","9":"pa_zona-vinicola-v-t-castilla-y-leon","11":"first","12":"instock","13":"taxable","14":"shipping-taxable","15":"purchasable","16":"product-type-simple"},"_links":{"self":[{"href":"https:\/\/www.mr-vin.com\/en\/wp-json\/wp\/v2\/product\/6870","targetHints":{"allow":["GET"]}}],"collection":[{"href":"https:\/\/www.mr-vin.com\/en\/wp-json\/wp\/v2\/product"}],"about":[{"href":"https:\/\/www.mr-vin.com\/en\/wp-json\/wp\/v2\/types\/product"}],"wp:featuredmedia":[{"embeddable":true,"href":"https:\/\/www.mr-vin.com\/en\/wp-json\/wp\/v2\/media\/6875"}],"wp:attachment":[{"href":"https:\/\/www.mr-vin.com\/en\/wp-json\/wp\/v2\/media?parent=6870"}],"wp:term":[{"taxonomy":"product_brand","embeddable":true,"href":"https:\/\/www.mr-vin.com\/en\/wp-json\/wp\/v2\/product_brand?post=6870"},{"taxonomy":"product_cat","embeddable":true,"href":"https:\/\/www.mr-vin.com\/en\/wp-json\/wp\/v2\/product_cat?post=6870"},{"taxonomy":"product_tag","embeddable":true,"href":"https:\/\/www.mr-vin.com\/en\/wp-json\/wp\/v2\/product_tag?post=6870"}],"curies":[{"name":"wp","href":"https:\/\/api.w.org\/{rel}","templated":true}]}}