{"id":6863,"date":"2022-07-14T12:07:53","date_gmt":"2022-07-14T10:07:53","guid":{"rendered":"https:\/\/www.mr-vin.com\/?post_type=product&#038;p=6863"},"modified":"2026-04-15T20:55:21","modified_gmt":"2026-04-15T18:55:21","slug":"palacio-de-bornos-sauvignon-blanc","status":"publish","type":"product","link":"https:\/\/www.mr-vin.com\/en\/product\/palacio-de-bornos-sauvignon-blanc\/","title":{"rendered":"Palacio de Bornos Sauvignon Blanc"},"content":{"rendered":"<p>Monovarietal de <strong>Sauvignon blanc <\/strong>procedente de las localidades vallisoletanas de Rueda, Pollos y La Seca, concretamente de vi\u00f1edos situados a m\u00e1s de 700 metros de altitud. Como curiosidad, la <strong>vendimia tiene lugar por la noche<\/strong> para mantener la frescura de la fruta. En cata es un<strong> vino complejo, con notas de fruta tropical y toques herb\u00e1ceos<\/strong>.<\/p>\n<p>Fermentaci\u00f3n en dep\u00f3sitos de acero inoxidable con temperatura controlada de entre 14 y 16 \u00baC. Tiene una duraci\u00f3n de entre 12 a 16 d\u00edas.<\/p>\n<p><em>Con toda clase de pescados y mariscos, as\u00ed como con sopas fr\u00edas, pat\u00e9 y quesos semicurados.<\/em><\/p>\n","protected":false},"excerpt":{"rendered":"<p>Monovarietal de Sauvignon blanc procedente de las localidades vallisoletanas de Rueda, Pollos y La Seca, concretamente de vi\u00f1edos situados a\u2026<\/p>\n","protected":false},"featured_media":6864,"template":"","meta":{"inline_featured_image":false,"_monsterinsights_skip_tracking":false,"_monsterinsights_sitenote_active":false,"_monsterinsights_sitenote_note":"","_monsterinsights_sitenote_category":0},"product_brand":[],"product_cat":[792,79],"product_tag":[],"class_list":{"0":"post-6863","1":"product","2":"type-product","3":"status-publish","4":"has-post-thumbnail","6":"product_cat-novedades","7":"product_cat-vinos-blancos","8":"pa_bodega-bornos-bodegas-y-vinedos","9":"pa_zona-vinicola-d-o-rueda","11":"first","12":"instock","13":"taxable","14":"shipping-taxable","15":"purchasable","16":"product-type-simple"},"_links":{"self":[{"href":"https:\/\/www.mr-vin.com\/en\/wp-json\/wp\/v2\/product\/6863","targetHints":{"allow":["GET"]}}],"collection":[{"href":"https:\/\/www.mr-vin.com\/en\/wp-json\/wp\/v2\/product"}],"about":[{"href":"https:\/\/www.mr-vin.com\/en\/wp-json\/wp\/v2\/types\/product"}],"wp:featuredmedia":[{"embeddable":true,"href":"https:\/\/www.mr-vin.com\/en\/wp-json\/wp\/v2\/media\/6864"}],"wp:attachment":[{"href":"https:\/\/www.mr-vin.com\/en\/wp-json\/wp\/v2\/media?parent=6863"}],"wp:term":[{"taxonomy":"product_brand","embeddable":true,"href":"https:\/\/www.mr-vin.com\/en\/wp-json\/wp\/v2\/product_brand?post=6863"},{"taxonomy":"product_cat","embeddable":true,"href":"https:\/\/www.mr-vin.com\/en\/wp-json\/wp\/v2\/product_cat?post=6863"},{"taxonomy":"product_tag","embeddable":true,"href":"https:\/\/www.mr-vin.com\/en\/wp-json\/wp\/v2\/product_tag?post=6863"}],"curies":[{"name":"wp","href":"https:\/\/api.w.org\/{rel}","templated":true}]}}