{"id":6859,"date":"2022-07-14T11:40:05","date_gmt":"2022-07-14T09:40:05","guid":{"rendered":"https:\/\/www.mr-vin.com\/?post_type=product&#038;p=6859"},"modified":"2026-04-15T20:55:21","modified_gmt":"2026-04-15T18:55:21","slug":"palacio-de-bornos-verdejo","status":"publish","type":"product","link":"https:\/\/www.mr-vin.com\/en\/product\/palacio-de-bornos-verdejo\/","title":{"rendered":"Palacio de bornos verdejo"},"content":{"rendered":"<p>Monovarietal de <strong>Verdejo<\/strong> procedente de vi\u00f1edos situados en las localidades de Rueda, Pollos y La Seca, todas\u00a0en la provincia de Valladolid. Como curiosidad, <strong>la vendimia se realiza durante la noche<\/strong> para preservar la frescura del fruto, y la vinificaci\u00f3n es tradicional en dep\u00f3sitos de acero inoxidable. Un vino muy arom\u00e1tico, con <strong>aromas c\u00edtricos combinados con toques herb\u00e1ceos y matices anisados<\/strong>.<\/p>\n<p><em>Ideal con pasta al pesto, quesos suaves, arroces y pescado azul.<\/em><\/p>\n","protected":false},"excerpt":{"rendered":"<p>Monovarietal de Verdejo procedente de vi\u00f1edos situados en las localidades de Rueda, Pollos y La Seca, todas\u00a0en la provincia de\u2026<\/p>\n","protected":false},"featured_media":6861,"template":"","meta":{"inline_featured_image":false,"_monsterinsights_skip_tracking":false,"_monsterinsights_sitenote_active":false,"_monsterinsights_sitenote_note":"","_monsterinsights_sitenote_category":0},"product_brand":[],"product_cat":[792,79],"product_tag":[],"class_list":{"0":"post-6859","1":"product","2":"type-product","3":"status-publish","4":"has-post-thumbnail","6":"product_cat-novedades","7":"product_cat-vinos-blancos","8":"pa_bodega-bornos-bodegas-y-vinedos","9":"pa_zona-vinicola-d-o-rueda","11":"first","12":"instock","13":"taxable","14":"shipping-taxable","15":"purchasable","16":"product-type-simple"},"_links":{"self":[{"href":"https:\/\/www.mr-vin.com\/en\/wp-json\/wp\/v2\/product\/6859","targetHints":{"allow":["GET"]}}],"collection":[{"href":"https:\/\/www.mr-vin.com\/en\/wp-json\/wp\/v2\/product"}],"about":[{"href":"https:\/\/www.mr-vin.com\/en\/wp-json\/wp\/v2\/types\/product"}],"wp:featuredmedia":[{"embeddable":true,"href":"https:\/\/www.mr-vin.com\/en\/wp-json\/wp\/v2\/media\/6861"}],"wp:attachment":[{"href":"https:\/\/www.mr-vin.com\/en\/wp-json\/wp\/v2\/media?parent=6859"}],"wp:term":[{"taxonomy":"product_brand","embeddable":true,"href":"https:\/\/www.mr-vin.com\/en\/wp-json\/wp\/v2\/product_brand?post=6859"},{"taxonomy":"product_cat","embeddable":true,"href":"https:\/\/www.mr-vin.com\/en\/wp-json\/wp\/v2\/product_cat?post=6859"},{"taxonomy":"product_tag","embeddable":true,"href":"https:\/\/www.mr-vin.com\/en\/wp-json\/wp\/v2\/product_tag?post=6859"}],"curies":[{"name":"wp","href":"https:\/\/api.w.org\/{rel}","templated":true}]}}