{"id":6855,"date":"2022-07-14T10:47:16","date_gmt":"2022-07-14T08:47:16","guid":{"rendered":"https:\/\/www.mr-vin.com\/?post_type=product&#038;p=6855"},"modified":"2024-09-19T11:46:41","modified_gmt":"2024-09-19T09:46:41","slug":"cuatro-rayas-blush-rose","status":"publish","type":"product","link":"https:\/\/www.mr-vin.com\/en\/product\/cuatro-rayas-blush-rose\/","title":{"rendered":"Cuatro rayas blush rose"},"content":{"rendered":"<p>La <strong>Verdejo <\/strong>de Cuatro Rayas se hace acompa\u00f1ar por la <strong>Tempranilo <\/strong>en este rosado de bonito color fresa p\u00e1lido, cuya calidad le ha valido ya distinciones como la medalla de plata en el Concurso Mundial de Bruselas 2022.\u00a0 Con certificaci\u00f3n oficial europea de<strong> vino<\/strong> <strong>vegano<\/strong>.<\/p>\n<p>Elaboraci\u00f3n en dep\u00f3sito de acero inoxidable con control de temperatura. Criomaceraci\u00f3n de 12 horas. Sangrado de prensa y desfangado est\u00e1tico.<\/p>\n<p><em>Especialmente perfecto con guisos ligeros y carnes blancas.<\/em><\/p>\n","protected":false},"excerpt":{"rendered":"<p>La Verdejo de Cuatro Rayas se hace acompa\u00f1ar por la Tempranilo en este rosado de bonito color fresa p\u00e1lido, cuya\u2026<\/p>\n","protected":false},"featured_media":6856,"template":"","meta":{"inline_featured_image":false,"_monsterinsights_skip_tracking":false,"_monsterinsights_sitenote_active":false,"_monsterinsights_sitenote_note":"","_monsterinsights_sitenote_category":0},"product_brand":[],"product_cat":[792,80],"product_tag":[],"class_list":{"0":"post-6855","1":"product","2":"type-product","3":"status-publish","4":"has-post-thumbnail","6":"product_cat-novedades","7":"product_cat-vinos-rosados","8":"pa_bodega-cuatro-rayas","9":"pa_zona-vinicola-v-t-castilla-y-leon","11":"first","12":"instock","13":"taxable","14":"shipping-taxable","15":"purchasable","16":"product-type-simple"},"_links":{"self":[{"href":"https:\/\/www.mr-vin.com\/en\/wp-json\/wp\/v2\/product\/6855","targetHints":{"allow":["GET"]}}],"collection":[{"href":"https:\/\/www.mr-vin.com\/en\/wp-json\/wp\/v2\/product"}],"about":[{"href":"https:\/\/www.mr-vin.com\/en\/wp-json\/wp\/v2\/types\/product"}],"wp:featuredmedia":[{"embeddable":true,"href":"https:\/\/www.mr-vin.com\/en\/wp-json\/wp\/v2\/media\/6856"}],"wp:attachment":[{"href":"https:\/\/www.mr-vin.com\/en\/wp-json\/wp\/v2\/media?parent=6855"}],"wp:term":[{"taxonomy":"product_brand","embeddable":true,"href":"https:\/\/www.mr-vin.com\/en\/wp-json\/wp\/v2\/product_brand?post=6855"},{"taxonomy":"product_cat","embeddable":true,"href":"https:\/\/www.mr-vin.com\/en\/wp-json\/wp\/v2\/product_cat?post=6855"},{"taxonomy":"product_tag","embeddable":true,"href":"https:\/\/www.mr-vin.com\/en\/wp-json\/wp\/v2\/product_tag?post=6855"}],"curies":[{"name":"wp","href":"https:\/\/api.w.org\/{rel}","templated":true}]}}