{"id":6844,"date":"2022-07-11T13:17:41","date_gmt":"2022-07-11T11:17:41","guid":{"rendered":"https:\/\/www.mr-vin.com\/?post_type=product&#038;p=6844"},"modified":"2024-05-30T12:57:06","modified_gmt":"2024-05-30T10:57:06","slug":"montebaco-seleccion-especial","status":"publish","type":"product","link":"https:\/\/www.mr-vin.com\/en\/product\/montebaco-seleccion-especial\/","title":{"rendered":"Montebaco reserva Selecci\u00f3n Especial"},"content":{"rendered":"<p>Uno de los tintos m\u00e1s especiales de Montebaco. Definido por la propia bodega como <strong>un vino &#8220;de terru\u00f1o&#8221;<\/strong>, elaborado a partir de un<strong> vi\u00f1edo con m\u00e1s de 60 a\u00f1os de edad <\/strong>cuyo suelo, arcillo-calc\u00e1reo, es cuna de vinos con gran estructura y caracter\u00edsticas organol\u00e9pticas peculiares. En este caso nos encontramos con un <strong>vino de aromas potentes, concentrados, minerales y carnoso en boca<\/strong>, con gran expresi\u00f3n y longitud.<\/p>\n","protected":false},"excerpt":{"rendered":"<p>Uno de los tintos m\u00e1s especiales de Montebaco. Definido por la propia bodega como un vino &#8220;de terru\u00f1o&#8221;, elaborado a\u2026<\/p>\n","protected":false},"featured_media":6845,"template":"","meta":{"inline_featured_image":false,"_monsterinsights_skip_tracking":false,"_monsterinsights_sitenote_active":false,"_monsterinsights_sitenote_note":"","_monsterinsights_sitenote_category":0},"product_brand":[],"product_cat":[792,77],"product_tag":[],"class_list":{"0":"post-6844","1":"product","2":"type-product","3":"status-publish","4":"has-post-thumbnail","6":"product_cat-novedades","7":"product_cat-vinos-tintos","8":"pa_bodega-montebaco","9":"pa_zona-vinicola-d-o-ribera-del-duero","11":"first","12":"instock","13":"taxable","14":"shipping-taxable","15":"purchasable","16":"product-type-simple"},"_links":{"self":[{"href":"https:\/\/www.mr-vin.com\/en\/wp-json\/wp\/v2\/product\/6844","targetHints":{"allow":["GET"]}}],"collection":[{"href":"https:\/\/www.mr-vin.com\/en\/wp-json\/wp\/v2\/product"}],"about":[{"href":"https:\/\/www.mr-vin.com\/en\/wp-json\/wp\/v2\/types\/product"}],"wp:featuredmedia":[{"embeddable":true,"href":"https:\/\/www.mr-vin.com\/en\/wp-json\/wp\/v2\/media\/6845"}],"wp:attachment":[{"href":"https:\/\/www.mr-vin.com\/en\/wp-json\/wp\/v2\/media?parent=6844"}],"wp:term":[{"taxonomy":"product_brand","embeddable":true,"href":"https:\/\/www.mr-vin.com\/en\/wp-json\/wp\/v2\/product_brand?post=6844"},{"taxonomy":"product_cat","embeddable":true,"href":"https:\/\/www.mr-vin.com\/en\/wp-json\/wp\/v2\/product_cat?post=6844"},{"taxonomy":"product_tag","embeddable":true,"href":"https:\/\/www.mr-vin.com\/en\/wp-json\/wp\/v2\/product_tag?post=6844"}],"curies":[{"name":"wp","href":"https:\/\/api.w.org\/{rel}","templated":true}]}}