{"id":6789,"date":"2022-06-29T17:58:29","date_gmt":"2022-06-29T15:58:29","guid":{"rendered":"https:\/\/www.mr-vin.com\/?post_type=product&#038;p=6789"},"modified":"2024-05-30T12:57:05","modified_gmt":"2024-05-30T10:57:05","slug":"andre-jacquart-mesnil-experience-blanc-de-blancs","status":"publish","type":"product","link":"https:\/\/www.mr-vin.com\/en\/product\/andre-jacquart-mesnil-experience-blanc-de-blancs\/","title":{"rendered":"Andre Jacquart mesnil experience blanc de blancs"},"content":{"rendered":"<p>MESNIL Exp\u00e9rience Extra-Brut es un champagne representativo del Terroir de Mesnil-Sur-Oger. En nariz, hay notas de flores blancas como el espino y el tilo. En el paladar, se puede sentir la vivacidad y la tensi\u00f3n caracter\u00edsticas de los champagnes de Mesnil. Este Champagne tiene una hermosa longitud en boca y ser\u00e1 perfecto para acompa\u00f1ar mariscos y pescados finos<\/p>\n","protected":false},"excerpt":{"rendered":"<p>MESNIL Exp\u00e9rience Extra-Brut es un champagne representativo del Terroir de Mesnil-Sur-Oger. En nariz, hay notas de flores blancas como el\u2026<\/p>\n","protected":false},"featured_media":6790,"template":"","meta":{"inline_featured_image":false,"_monsterinsights_skip_tracking":false,"_monsterinsights_sitenote_active":false,"_monsterinsights_sitenote_note":"","_monsterinsights_sitenote_category":0},"product_brand":[],"product_cat":[277,792],"product_tag":[],"class_list":{"0":"post-6789","1":"product","2":"type-product","3":"status-publish","4":"has-post-thumbnail","6":"product_cat-espumosos","7":"product_cat-novedades","8":"pa_bodega-andre-jacquart","9":"pa_zona-vinicola-champagne","11":"first","12":"instock","13":"taxable","14":"shipping-taxable","15":"purchasable","16":"product-type-simple"},"_links":{"self":[{"href":"https:\/\/www.mr-vin.com\/en\/wp-json\/wp\/v2\/product\/6789","targetHints":{"allow":["GET"]}}],"collection":[{"href":"https:\/\/www.mr-vin.com\/en\/wp-json\/wp\/v2\/product"}],"about":[{"href":"https:\/\/www.mr-vin.com\/en\/wp-json\/wp\/v2\/types\/product"}],"wp:featuredmedia":[{"embeddable":true,"href":"https:\/\/www.mr-vin.com\/en\/wp-json\/wp\/v2\/media\/6790"}],"wp:attachment":[{"href":"https:\/\/www.mr-vin.com\/en\/wp-json\/wp\/v2\/media?parent=6789"}],"wp:term":[{"taxonomy":"product_brand","embeddable":true,"href":"https:\/\/www.mr-vin.com\/en\/wp-json\/wp\/v2\/product_brand?post=6789"},{"taxonomy":"product_cat","embeddable":true,"href":"https:\/\/www.mr-vin.com\/en\/wp-json\/wp\/v2\/product_cat?post=6789"},{"taxonomy":"product_tag","embeddable":true,"href":"https:\/\/www.mr-vin.com\/en\/wp-json\/wp\/v2\/product_tag?post=6789"}],"curies":[{"name":"wp","href":"https:\/\/api.w.org\/{rel}","templated":true}]}}