{"id":6774,"date":"2022-06-27T13:28:31","date_gmt":"2022-06-27T11:28:31","guid":{"rendered":"https:\/\/www.mr-vin.com\/?post_type=product&#038;p=6774"},"modified":"2024-05-30T12:57:05","modified_gmt":"2024-05-30T10:57:05","slug":"costa-di-rose-jeroboam","status":"publish","type":"product","link":"https:\/\/www.mr-vin.com\/en\/product\/costa-di-rose-jeroboam\/","title":{"rendered":"Costa di rose jeroboam"},"content":{"rendered":"<p>Vino rosado de uva Sangiovese de 3 litros, cultivada en suelo arcilloso, con una edad media de los vi\u00f1edos de 10 a\u00f1os y un rendimiento de 100 quintales de uva por hect\u00e1rea. Vinificado por prensado directo con prensa suave, estricta decantaci\u00f3n est\u00e1tica y fermentaci\u00f3n a baja temperatura. Envejecido durante 6 meses en tanques de acero.<\/p>\n<div id=\"myTabContent\" class=\"tab-content testo1\">\n<div id=\"scheda-organolettica\" class=\"tab-pane fade active show\" role=\"tabpanel\" aria-labelledby=\"profile-tab\">Sabor: en boca sorprende por su frescura. Delicadamente t\u00e1nico, con un toque de ciruela t\u00edpico de Sangiovese que vuelve al final.<\/div>\n<\/div>\n<p>&nbsp;<\/p>\n<p><em>Como aperitivo, va bien con salm\u00f3n ahumado, scampi crudo, sushi y anchoas del Cant\u00e1brico.<\/em><\/p>\n","protected":false},"excerpt":{"rendered":"<p>Vino rosado de uva Sangiovese de 3 litros, cultivada en suelo arcilloso, con una edad media de los vi\u00f1edos de\u2026<\/p>\n","protected":false},"featured_media":6775,"template":"","meta":{"inline_featured_image":false,"_monsterinsights_skip_tracking":false,"_monsterinsights_sitenote_active":false,"_monsterinsights_sitenote_note":"","_monsterinsights_sitenote_category":0},"product_brand":[],"product_cat":[792,840,80],"product_tag":[],"class_list":{"0":"post-6774","1":"product","2":"type-product","3":"status-publish","4":"has-post-thumbnail","6":"product_cat-novedades","7":"product_cat-rose-summer","8":"product_cat-vinos-rosados","9":"pa_bodega-umberto-cesari","10":"pa_zona-vinicola-igt-rubicone","12":"first","13":"outofstock","14":"taxable","15":"shipping-taxable","16":"purchasable","17":"product-type-simple"},"_links":{"self":[{"href":"https:\/\/www.mr-vin.com\/en\/wp-json\/wp\/v2\/product\/6774","targetHints":{"allow":["GET"]}}],"collection":[{"href":"https:\/\/www.mr-vin.com\/en\/wp-json\/wp\/v2\/product"}],"about":[{"href":"https:\/\/www.mr-vin.com\/en\/wp-json\/wp\/v2\/types\/product"}],"wp:featuredmedia":[{"embeddable":true,"href":"https:\/\/www.mr-vin.com\/en\/wp-json\/wp\/v2\/media\/6775"}],"wp:attachment":[{"href":"https:\/\/www.mr-vin.com\/en\/wp-json\/wp\/v2\/media?parent=6774"}],"wp:term":[{"taxonomy":"product_brand","embeddable":true,"href":"https:\/\/www.mr-vin.com\/en\/wp-json\/wp\/v2\/product_brand?post=6774"},{"taxonomy":"product_cat","embeddable":true,"href":"https:\/\/www.mr-vin.com\/en\/wp-json\/wp\/v2\/product_cat?post=6774"},{"taxonomy":"product_tag","embeddable":true,"href":"https:\/\/www.mr-vin.com\/en\/wp-json\/wp\/v2\/product_tag?post=6774"}],"curies":[{"name":"wp","href":"https:\/\/api.w.org\/{rel}","templated":true}]}}