{"id":6750,"date":"2022-06-23T13:20:43","date_gmt":"2022-06-23T11:20:43","guid":{"rendered":"https:\/\/www.mr-vin.com\/?post_type=product&#038;p=6750"},"modified":"2024-08-06T10:38:35","modified_gmt":"2024-08-06T08:38:35","slug":"laurent-perrier-rosado","status":"publish","type":"product","link":"https:\/\/www.mr-vin.com\/en\/product\/laurent-perrier-rosado\/","title":{"rendered":"Laurent perrier rosado"},"content":{"rendered":"<p>Champagne rosado elaborado con\u00a0<strong>Pinot noir<\/strong>\u00a0y obtenido de\u00a0<strong>10 vi\u00f1edos diferentes<\/strong>\u00a0ubicados en los terru\u00f1os m\u00e1s bellos de la regi\u00f3n de Champagne: Ambonnay, Bouzy, Louvois y Tours-sur-Marne. Es uno de los pocos champagnes rosados\u00a0<strong>obtenidos por maceraci\u00f3n<\/strong>, lo que proporciona una notable vinosidad.<\/p>\n","protected":false},"excerpt":{"rendered":"<p>Champagne rosado elaborado con\u00a0Pinot noir\u00a0y obtenido de\u00a010 vi\u00f1edos diferentes\u00a0ubicados en los terru\u00f1os m\u00e1s bellos de la regi\u00f3n de Champagne: Ambonnay,\u2026<\/p>\n","protected":false},"featured_media":6751,"template":"","meta":{"inline_featured_image":false,"_monsterinsights_skip_tracking":false,"_monsterinsights_sitenote_active":false,"_monsterinsights_sitenote_note":"","_monsterinsights_sitenote_category":0},"product_brand":[],"product_cat":[277,792],"product_tag":[],"class_list":{"0":"post-6750","1":"product","2":"type-product","3":"status-publish","4":"has-post-thumbnail","6":"product_cat-espumosos","7":"product_cat-novedades","8":"pa_bodega-laurent-perrier","9":"pa_zona-vinicola-champagne","11":"first","12":"instock","13":"taxable","14":"shipping-taxable","15":"purchasable","16":"product-type-simple"},"_links":{"self":[{"href":"https:\/\/www.mr-vin.com\/en\/wp-json\/wp\/v2\/product\/6750","targetHints":{"allow":["GET"]}}],"collection":[{"href":"https:\/\/www.mr-vin.com\/en\/wp-json\/wp\/v2\/product"}],"about":[{"href":"https:\/\/www.mr-vin.com\/en\/wp-json\/wp\/v2\/types\/product"}],"wp:featuredmedia":[{"embeddable":true,"href":"https:\/\/www.mr-vin.com\/en\/wp-json\/wp\/v2\/media\/6751"}],"wp:attachment":[{"href":"https:\/\/www.mr-vin.com\/en\/wp-json\/wp\/v2\/media?parent=6750"}],"wp:term":[{"taxonomy":"product_brand","embeddable":true,"href":"https:\/\/www.mr-vin.com\/en\/wp-json\/wp\/v2\/product_brand?post=6750"},{"taxonomy":"product_cat","embeddable":true,"href":"https:\/\/www.mr-vin.com\/en\/wp-json\/wp\/v2\/product_cat?post=6750"},{"taxonomy":"product_tag","embeddable":true,"href":"https:\/\/www.mr-vin.com\/en\/wp-json\/wp\/v2\/product_tag?post=6750"}],"curies":[{"name":"wp","href":"https:\/\/api.w.org\/{rel}","templated":true}]}}