{"id":6725,"date":"2022-06-21T11:12:56","date_gmt":"2022-06-21T09:12:56","guid":{"rendered":"https:\/\/www.mr-vin.com\/?post_type=product&#038;p=6725"},"modified":"2024-05-30T12:57:04","modified_gmt":"2024-05-30T10:57:04","slug":"taittinger-brut-reserve","status":"publish","type":"product","link":"https:\/\/www.mr-vin.com\/en\/product\/taittinger-brut-reserve\/","title":{"rendered":"Taittinger brut reserve"},"content":{"rendered":"<p>Despu\u00e9s de un m\u00ednimo de tres a\u00f1os en las cavas, madurando y adquiriendo complejidad, Taittinger Brut R\u00e9serve se convierte en un producto excelso y consistente en lo que a calidad se refiere, un champagne que gana adeptos en todo el mundo a\u00f1o tras a\u00f1o. El licor de expedici\u00f3n utilizado es bastante dulce y contiene alrededor de un 30% de vino de reserva.<\/p>\n<p>60% Pinot noir, 40% chardonnay.<\/p>\n","protected":false},"excerpt":{"rendered":"<p>Despu\u00e9s de un m\u00ednimo de tres a\u00f1os en las cavas, madurando y adquiriendo complejidad, Taittinger Brut R\u00e9serve se convierte en\u2026<\/p>\n","protected":false},"featured_media":6726,"template":"","meta":{"inline_featured_image":false,"_monsterinsights_skip_tracking":false,"_monsterinsights_sitenote_active":false,"_monsterinsights_sitenote_note":"","_monsterinsights_sitenote_category":0},"product_brand":[],"product_cat":[277,792],"product_tag":[],"class_list":{"0":"post-6725","1":"product","2":"type-product","3":"status-publish","4":"has-post-thumbnail","6":"product_cat-espumosos","7":"product_cat-novedades","8":"pa_bodega-champagne-taittinger","9":"pa_zona-vinicola-champagne","11":"first","12":"instock","13":"taxable","14":"shipping-taxable","15":"purchasable","16":"product-type-simple"},"_links":{"self":[{"href":"https:\/\/www.mr-vin.com\/en\/wp-json\/wp\/v2\/product\/6725","targetHints":{"allow":["GET"]}}],"collection":[{"href":"https:\/\/www.mr-vin.com\/en\/wp-json\/wp\/v2\/product"}],"about":[{"href":"https:\/\/www.mr-vin.com\/en\/wp-json\/wp\/v2\/types\/product"}],"wp:featuredmedia":[{"embeddable":true,"href":"https:\/\/www.mr-vin.com\/en\/wp-json\/wp\/v2\/media\/6726"}],"wp:attachment":[{"href":"https:\/\/www.mr-vin.com\/en\/wp-json\/wp\/v2\/media?parent=6725"}],"wp:term":[{"taxonomy":"product_brand","embeddable":true,"href":"https:\/\/www.mr-vin.com\/en\/wp-json\/wp\/v2\/product_brand?post=6725"},{"taxonomy":"product_cat","embeddable":true,"href":"https:\/\/www.mr-vin.com\/en\/wp-json\/wp\/v2\/product_cat?post=6725"},{"taxonomy":"product_tag","embeddable":true,"href":"https:\/\/www.mr-vin.com\/en\/wp-json\/wp\/v2\/product_tag?post=6725"}],"curies":[{"name":"wp","href":"https:\/\/api.w.org\/{rel}","templated":true}]}}