{"id":6722,"date":"2022-06-21T10:17:34","date_gmt":"2022-06-21T08:17:34","guid":{"rendered":"https:\/\/www.mr-vin.com\/?post_type=product&#038;p=6722"},"modified":"2024-08-06T10:41:34","modified_gmt":"2024-08-06T08:41:34","slug":"alion","status":"publish","type":"product","link":"https:\/\/www.mr-vin.com\/en\/product\/alion\/","title":{"rendered":"Ali\u00f3n 2020"},"content":{"rendered":"<p>Ali\u00f3n es el hermano peque\u00f1o de Vega Sicilia. Est\u00e1 elaborado en una bodega independiente por el mismo equipo, pero con sus propios vi\u00f1edos.<\/p>\n<p><strong>Ali\u00f3n 2018<\/strong>\u00a0est\u00e1 dise\u00f1ado 100% con tinto fino (tempranillo) de vi\u00f1as de 38 a\u00f1os, a partir de una minuciosa selecci\u00f3n de pagos repartidos por las mejores zonas de la D.O. Ribera del Duero. Una superficie total de 70 hect\u00e1reas de vi\u00f1edos repartidos entre los t\u00e9rminos de Padilla de Duero, Valbuena de Duero y Pesquera de Duero (Valladolid), a 750 m de altitud. La vendimia fue manual en peque\u00f1as cajas de 12 km.<\/p>\n<p>100% Tempranillo.<\/p>\n","protected":false},"excerpt":{"rendered":"<p>Ali\u00f3n es el hermano peque\u00f1o de Vega Sicilia. Est\u00e1 elaborado en una bodega independiente por el mismo equipo, pero con\u2026<\/p>\n","protected":false},"featured_media":6723,"template":"","meta":{"inline_featured_image":false,"_monsterinsights_skip_tracking":false,"_monsterinsights_sitenote_active":false,"_monsterinsights_sitenote_note":"","_monsterinsights_sitenote_category":0},"product_brand":[],"product_cat":[792,77],"product_tag":[],"class_list":{"0":"post-6722","1":"product","2":"type-product","3":"status-publish","4":"has-post-thumbnail","6":"product_cat-novedades","7":"product_cat-vinos-tintos","8":"pa_bodega-bodegas-y-vinedos-alion","9":"pa_zona-vinicola-d-o-ribera-del-duero","11":"first","12":"instock","13":"taxable","14":"shipping-taxable","15":"purchasable","16":"product-type-simple"},"_links":{"self":[{"href":"https:\/\/www.mr-vin.com\/en\/wp-json\/wp\/v2\/product\/6722","targetHints":{"allow":["GET"]}}],"collection":[{"href":"https:\/\/www.mr-vin.com\/en\/wp-json\/wp\/v2\/product"}],"about":[{"href":"https:\/\/www.mr-vin.com\/en\/wp-json\/wp\/v2\/types\/product"}],"wp:featuredmedia":[{"embeddable":true,"href":"https:\/\/www.mr-vin.com\/en\/wp-json\/wp\/v2\/media\/6723"}],"wp:attachment":[{"href":"https:\/\/www.mr-vin.com\/en\/wp-json\/wp\/v2\/media?parent=6722"}],"wp:term":[{"taxonomy":"product_brand","embeddable":true,"href":"https:\/\/www.mr-vin.com\/en\/wp-json\/wp\/v2\/product_brand?post=6722"},{"taxonomy":"product_cat","embeddable":true,"href":"https:\/\/www.mr-vin.com\/en\/wp-json\/wp\/v2\/product_cat?post=6722"},{"taxonomy":"product_tag","embeddable":true,"href":"https:\/\/www.mr-vin.com\/en\/wp-json\/wp\/v2\/product_tag?post=6722"}],"curies":[{"name":"wp","href":"https:\/\/api.w.org\/{rel}","templated":true}]}}