{"id":6689,"date":"2022-06-10T13:19:30","date_gmt":"2022-06-10T11:19:30","guid":{"rendered":"https:\/\/www.mr-vin.com\/?post_type=product&#038;p=6689"},"modified":"2024-05-30T12:57:04","modified_gmt":"2024-05-30T10:57:04","slug":"mirabras-manzanilla","status":"publish","type":"product","link":"https:\/\/www.mr-vin.com\/en\/product\/mirabras-manzanilla\/","title":{"rendered":"Mirabr\u00e1s manzanilla"},"content":{"rendered":"<p>De una de esas fermentaciones antiguas sale Mirabr\u00e1s. En el 2014, Montserrat Molina tuvo a bien que los mostos de las vi\u00f1as m\u00e1s viejas de Santa Luc\u00eda fermentaran en botas viejas de jerez. Todo se dispuso para recuperar una elaboraci\u00f3n a la antigua: asoleo, buen roble envinado, paciencia, control y azar por partes iguales.<\/p>\n<p>El vino descans\u00f3 sobre l\u00edas finas por unos meses, despu\u00e9s pas\u00f3 a guardarse a tocadedos y finalmente en inoxidable\u2026 hasta hoy. Una parte de aquella elaboraci\u00f3n est\u00e1 ahora en tus manos. El resultado es contundente. Si buscas una caricia, hazlo en otro sitio. Mirabr\u00e1s es una canci\u00f3n de Mairena suspendida en el aire de un viejo sal\u00f3n bodeguero.<\/p>\n","protected":false},"excerpt":{"rendered":"<p>De una de esas fermentaciones antiguas sale Mirabr\u00e1s. En el 2014, Montserrat Molina tuvo a bien que los mostos de\u2026<\/p>\n","protected":false},"featured_media":6690,"template":"","meta":{"inline_featured_image":false,"_monsterinsights_skip_tracking":false,"_monsterinsights_sitenote_active":false,"_monsterinsights_sitenote_note":"","_monsterinsights_sitenote_category":0},"product_brand":[],"product_cat":[278,792],"product_tag":[],"class_list":{"0":"post-6689","1":"product","2":"type-product","3":"status-publish","4":"has-post-thumbnail","6":"product_cat-elaboraciones-especiales","7":"product_cat-novedades","8":"pa_bodega-barbadillo","9":"pa_zona-vinicola-v-t-cadiz","11":"first","12":"outofstock","13":"taxable","14":"shipping-taxable","15":"purchasable","16":"product-type-simple"},"_links":{"self":[{"href":"https:\/\/www.mr-vin.com\/en\/wp-json\/wp\/v2\/product\/6689","targetHints":{"allow":["GET"]}}],"collection":[{"href":"https:\/\/www.mr-vin.com\/en\/wp-json\/wp\/v2\/product"}],"about":[{"href":"https:\/\/www.mr-vin.com\/en\/wp-json\/wp\/v2\/types\/product"}],"wp:featuredmedia":[{"embeddable":true,"href":"https:\/\/www.mr-vin.com\/en\/wp-json\/wp\/v2\/media\/6690"}],"wp:attachment":[{"href":"https:\/\/www.mr-vin.com\/en\/wp-json\/wp\/v2\/media?parent=6689"}],"wp:term":[{"taxonomy":"product_brand","embeddable":true,"href":"https:\/\/www.mr-vin.com\/en\/wp-json\/wp\/v2\/product_brand?post=6689"},{"taxonomy":"product_cat","embeddable":true,"href":"https:\/\/www.mr-vin.com\/en\/wp-json\/wp\/v2\/product_cat?post=6689"},{"taxonomy":"product_tag","embeddable":true,"href":"https:\/\/www.mr-vin.com\/en\/wp-json\/wp\/v2\/product_tag?post=6689"}],"curies":[{"name":"wp","href":"https:\/\/api.w.org\/{rel}","templated":true}]}}