{"id":6682,"date":"2022-06-10T12:42:25","date_gmt":"2022-06-10T10:42:25","guid":{"rendered":"https:\/\/www.mr-vin.com\/?post_type=product&#038;p=6682"},"modified":"2024-05-30T12:57:04","modified_gmt":"2024-05-30T10:57:04","slug":"pastora-manzanilla-en-rama-pasada","status":"publish","type":"product","link":"https:\/\/www.mr-vin.com\/en\/product\/pastora-manzanilla-en-rama-pasada\/","title":{"rendered":"Pastora manzanilla en rama pasada"},"content":{"rendered":"<p><strong>Pastora<\/strong>\u00a0es una manzanilla de larga crianza biol\u00f3gica.\u00a0Hunde sus ra\u00edces en las soleras de Solear, de donde pasa a ocupar un espacio muy concreto en la bodega La Pastora, con clara orientaci\u00f3n al r\u00edo, justo sobre el terrapl\u00e9n que dividen los barrios alto y bajo sanluque\u00f1o.\u00a0Ronda los nueve a\u00f1os y sin embargo, las condiciones de crianza de la bodega que la guarda, ofrecen un vino biol\u00f3gico todav\u00eda. Una\u00a0<strong>Manzanilla Pasada<\/strong>\u00a0cautivadora con una nariz intensa de aromas de levadura y un sabor especial a nueces y camomila. Ha obtenido la\u00a0<strong>m\u00e1xima calificaci\u00f3n<\/strong>\u00a0(Platinum Best in Show)\u00a0<strong>en los premios Decanter World Wine Awards 2017.<\/strong><\/p>\n","protected":false},"excerpt":{"rendered":"<p>Pastora\u00a0es una manzanilla de larga crianza biol\u00f3gica.\u00a0Hunde sus ra\u00edces en las soleras de Solear, de donde pasa a ocupar un\u2026<\/p>\n","protected":false},"featured_media":6683,"template":"","meta":{"inline_featured_image":false,"_monsterinsights_skip_tracking":false,"_monsterinsights_sitenote_active":false,"_monsterinsights_sitenote_note":"","_monsterinsights_sitenote_category":0},"product_brand":[],"product_cat":[278,792],"product_tag":[],"class_list":{"0":"post-6682","1":"product","2":"type-product","3":"status-publish","4":"has-post-thumbnail","6":"product_cat-elaboraciones-especiales","7":"product_cat-novedades","8":"pa_bodega-barbadillo","9":"pa_zona-vinicola-manzanilla-sanlucar-de-barrameda","11":"first","12":"outofstock","13":"taxable","14":"shipping-taxable","15":"purchasable","16":"product-type-simple"},"_links":{"self":[{"href":"https:\/\/www.mr-vin.com\/en\/wp-json\/wp\/v2\/product\/6682","targetHints":{"allow":["GET"]}}],"collection":[{"href":"https:\/\/www.mr-vin.com\/en\/wp-json\/wp\/v2\/product"}],"about":[{"href":"https:\/\/www.mr-vin.com\/en\/wp-json\/wp\/v2\/types\/product"}],"wp:featuredmedia":[{"embeddable":true,"href":"https:\/\/www.mr-vin.com\/en\/wp-json\/wp\/v2\/media\/6683"}],"wp:attachment":[{"href":"https:\/\/www.mr-vin.com\/en\/wp-json\/wp\/v2\/media?parent=6682"}],"wp:term":[{"taxonomy":"product_brand","embeddable":true,"href":"https:\/\/www.mr-vin.com\/en\/wp-json\/wp\/v2\/product_brand?post=6682"},{"taxonomy":"product_cat","embeddable":true,"href":"https:\/\/www.mr-vin.com\/en\/wp-json\/wp\/v2\/product_cat?post=6682"},{"taxonomy":"product_tag","embeddable":true,"href":"https:\/\/www.mr-vin.com\/en\/wp-json\/wp\/v2\/product_tag?post=6682"}],"curies":[{"name":"wp","href":"https:\/\/api.w.org\/{rel}","templated":true}]}}