{"id":6596,"date":"2022-05-24T12:10:35","date_gmt":"2022-05-24T10:10:35","guid":{"rendered":"https:\/\/www.mr-vin.com\/?post_type=product&#038;p=6596"},"modified":"2025-06-21T09:42:39","modified_gmt":"2025-06-21T07:42:39","slug":"le-natural-tinto-ecologico","status":"publish","type":"product","link":"https:\/\/www.mr-vin.com\/en\/product\/le-natural-tinto-ecologico\/","title":{"rendered":"Le naturel tinto ecol\u00f3gico"},"content":{"rendered":"<p>Variedad <strong>garnacha.<\/strong><br \/>\nEL primer vino natural de Vintae: Le Naturel.<br \/>\nLe Naturel, que es un vino <strong>sin sulfitos a\u00f1adidos<\/strong>, un vino natural, en el que la clave es intervenir lo m\u00ednimo posible, tanto en el vi\u00f1edo como en la bodega, para conseguir que sean las uvas las que hablen y que el vino sea pura fruta.<\/p>\n<p>Le Naturel es un vino limpio y brillante, en el que dominan unos bonitos tonos frambuesa, sorprendentes para un vino tinto. En nariz es fresco y franco, con una buena intensidad, destacando las notas de moras y las violetas. En boca tiene un ataque de fruta fresca, que delata su procedencia de vi\u00f1edos en altura. Tiene un paso muy agradable y resulta un vino amable, ligero y muy f\u00e1cil de beber.<\/p>\n<section class=\"row \">\n<div class=\"spb_content_element col-sm-12 spb_text_column\">\n<div class=\"spb-asset-content\">\n<p><em>Vendimia manual a mediados de octubre. Selecci\u00f3n de racimos en mesa al llegar a la bodega.<\/em><\/p>\n<p><em>Fermentaci\u00f3n malol\u00e1ctica en dep\u00f3sito de 12.000 litros. Hasta su embotellado el vino permaneci\u00f3 en dep\u00f3sito a una temperatura estable para mantener sus cualidades. Sin sulfitos a\u00f1adidos.<\/em><\/p>\n<p><b>Vino 100% vegano<\/b>, que cuenta con la\u00a0<b>certificaci\u00f3n V-Label<\/b>, garantizando que no se ha utilizado ning\u00fan producto de origen animal en su elaboraci\u00f3n.<\/p>\n<p><strong>Maridaje<\/strong>: Pote gallego, Canelones de verduras con bechamel y Bonito con pimientos al horno.<\/p>\n<\/div>\n<\/div>\n<\/section>\n","protected":false},"excerpt":{"rendered":"<p>Variedad garnacha. EL primer vino natural de Vintae: Le Naturel. Le Naturel, que es un vino sin sulfitos a\u00f1adidos, un\u2026<\/p>\n","protected":false},"featured_media":6597,"template":"","meta":{"inline_featured_image":false,"_monsterinsights_skip_tracking":false,"_monsterinsights_sitenote_active":false,"_monsterinsights_sitenote_note":"","_monsterinsights_sitenote_category":0},"product_brand":[],"product_cat":[792,78,77],"product_tag":[],"class_list":{"0":"post-6596","1":"product","2":"type-product","3":"status-publish","4":"has-post-thumbnail","6":"product_cat-novedades","7":"product_cat-vinos-ecologicos","8":"product_cat-vinos-tintos","9":"pa_bodega-bodegas-aroa","10":"pa_estilo-tinto-suave-fresco","11":"pa_zona-vinicola-d-o-navarra","13":"first","14":"instock","15":"taxable","16":"shipping-taxable","17":"purchasable","18":"product-type-simple"},"_links":{"self":[{"href":"https:\/\/www.mr-vin.com\/en\/wp-json\/wp\/v2\/product\/6596","targetHints":{"allow":["GET"]}}],"collection":[{"href":"https:\/\/www.mr-vin.com\/en\/wp-json\/wp\/v2\/product"}],"about":[{"href":"https:\/\/www.mr-vin.com\/en\/wp-json\/wp\/v2\/types\/product"}],"wp:featuredmedia":[{"embeddable":true,"href":"https:\/\/www.mr-vin.com\/en\/wp-json\/wp\/v2\/media\/6597"}],"wp:attachment":[{"href":"https:\/\/www.mr-vin.com\/en\/wp-json\/wp\/v2\/media?parent=6596"}],"wp:term":[{"taxonomy":"product_brand","embeddable":true,"href":"https:\/\/www.mr-vin.com\/en\/wp-json\/wp\/v2\/product_brand?post=6596"},{"taxonomy":"product_cat","embeddable":true,"href":"https:\/\/www.mr-vin.com\/en\/wp-json\/wp\/v2\/product_cat?post=6596"},{"taxonomy":"product_tag","embeddable":true,"href":"https:\/\/www.mr-vin.com\/en\/wp-json\/wp\/v2\/product_tag?post=6596"}],"curies":[{"name":"wp","href":"https:\/\/api.w.org\/{rel}","templated":true}]}}