{"id":6521,"date":"2022-05-11T17:37:17","date_gmt":"2022-05-11T15:37:17","guid":{"rendered":"https:\/\/www.mr-vin.com\/?post_type=product&#038;p=6521"},"modified":"2024-05-30T12:57:02","modified_gmt":"2024-05-30T10:57:02","slug":"belondrade-lurton-6-litros-2015","status":"publish","type":"product","link":"https:\/\/www.mr-vin.com\/en\/product\/belondrade-lurton-6-litros-2015\/","title":{"rendered":"Belondrade &#038; lurton 6 litros 2019"},"content":{"rendered":"<p>Vendimia manual, vi\u00f1edo ecol\u00f3gico. Crianza de 10 meses en barrica de roble franc\u00e9s. Formato de botella de 6 litros.<br \/>\n100% verdejo. ideal para acompa\u00f1ar con carnes blancas, pescado y marisco.<\/p>\n","protected":false},"excerpt":{"rendered":"<p>Vendimia manual, vi\u00f1edo ecol\u00f3gico. Crianza de 10 meses en barrica de roble franc\u00e9s. Formato de botella de 6 litros. 100%\u2026<\/p>\n","protected":false},"featured_media":6522,"template":"","meta":{"inline_featured_image":false,"_monsterinsights_skip_tracking":false,"_monsterinsights_sitenote_active":false,"_monsterinsights_sitenote_note":"","_monsterinsights_sitenote_category":0},"product_brand":[],"product_cat":[792,79],"product_tag":[],"class_list":{"0":"post-6521","1":"product","2":"type-product","3":"status-publish","4":"has-post-thumbnail","6":"product_cat-novedades","7":"product_cat-vinos-blancos","8":"pa_bodega-belondrade","9":"pa_zona-vinicola-d-o-rueda","11":"first","12":"instock","13":"taxable","14":"shipping-taxable","15":"purchasable","16":"product-type-simple"},"_links":{"self":[{"href":"https:\/\/www.mr-vin.com\/en\/wp-json\/wp\/v2\/product\/6521","targetHints":{"allow":["GET"]}}],"collection":[{"href":"https:\/\/www.mr-vin.com\/en\/wp-json\/wp\/v2\/product"}],"about":[{"href":"https:\/\/www.mr-vin.com\/en\/wp-json\/wp\/v2\/types\/product"}],"wp:featuredmedia":[{"embeddable":true,"href":"https:\/\/www.mr-vin.com\/en\/wp-json\/wp\/v2\/media\/6522"}],"wp:attachment":[{"href":"https:\/\/www.mr-vin.com\/en\/wp-json\/wp\/v2\/media?parent=6521"}],"wp:term":[{"taxonomy":"product_brand","embeddable":true,"href":"https:\/\/www.mr-vin.com\/en\/wp-json\/wp\/v2\/product_brand?post=6521"},{"taxonomy":"product_cat","embeddable":true,"href":"https:\/\/www.mr-vin.com\/en\/wp-json\/wp\/v2\/product_cat?post=6521"},{"taxonomy":"product_tag","embeddable":true,"href":"https:\/\/www.mr-vin.com\/en\/wp-json\/wp\/v2\/product_tag?post=6521"}],"curies":[{"name":"wp","href":"https:\/\/api.w.org\/{rel}","templated":true}]}}