{"id":6164,"date":"2022-01-17T14:16:40","date_gmt":"2022-01-17T12:16:40","guid":{"rendered":"https:\/\/www.mr-vin.com\/?post_type=product&#038;p=6164"},"modified":"2026-04-29T13:12:42","modified_gmt":"2026-04-29T11:12:42","slug":"choza-crianza-rioja-alavesa","status":"publish","type":"product","link":"https:\/\/www.mr-vin.com\/en\/product\/choza-crianza-rioja-alavesa\/","title":{"rendered":"Choza crianza rioja alavesa"},"content":{"rendered":"<p>Variedad: 100% Tempranillo<\/p>\n<p>Un Rioja Crianza de la zona Alavesa, vi\u00f1edos de Elvillar y Laguardia. Este vino se elabora mediante despalillado con fermentaci\u00f3n de 6 a 7 d\u00edas, para despu\u00e9s sumarle 10 o 15 d\u00edas de maceraci\u00f3n.<\/p>\n<p><em><strong>Maridaje:<\/strong> Perfecto con carnes asadas o en salsa, embutidos y jam\u00f3n.<\/em><\/p>\n","protected":false},"excerpt":{"rendered":"<p>Variedad: 100% Tempranillo Un Rioja Crianza de la zona Alavesa, vi\u00f1edos de Elvillar y Laguardia. Este vino se elabora mediante\u2026<\/p>\n","protected":false},"featured_media":10131,"template":"","meta":{"inline_featured_image":false,"_monsterinsights_skip_tracking":false,"_monsterinsights_sitenote_active":false,"_monsterinsights_sitenote_note":"","_monsterinsights_sitenote_category":0},"product_brand":[],"product_cat":[77],"product_tag":[],"class_list":{"0":"post-6164","1":"product","2":"type-product","3":"status-publish","4":"has-post-thumbnail","6":"product_cat-vinos-tintos","7":"pa_bodega-castillo-de-oses","8":"pa_zona-vinicola-d-o-c-rioja","10":"first","11":"instock","12":"taxable","13":"shipping-taxable","14":"purchasable","15":"product-type-simple"},"_links":{"self":[{"href":"https:\/\/www.mr-vin.com\/en\/wp-json\/wp\/v2\/product\/6164","targetHints":{"allow":["GET"]}}],"collection":[{"href":"https:\/\/www.mr-vin.com\/en\/wp-json\/wp\/v2\/product"}],"about":[{"href":"https:\/\/www.mr-vin.com\/en\/wp-json\/wp\/v2\/types\/product"}],"wp:featuredmedia":[{"embeddable":true,"href":"https:\/\/www.mr-vin.com\/en\/wp-json\/wp\/v2\/media\/10131"}],"wp:attachment":[{"href":"https:\/\/www.mr-vin.com\/en\/wp-json\/wp\/v2\/media?parent=6164"}],"wp:term":[{"taxonomy":"product_brand","embeddable":true,"href":"https:\/\/www.mr-vin.com\/en\/wp-json\/wp\/v2\/product_brand?post=6164"},{"taxonomy":"product_cat","embeddable":true,"href":"https:\/\/www.mr-vin.com\/en\/wp-json\/wp\/v2\/product_cat?post=6164"},{"taxonomy":"product_tag","embeddable":true,"href":"https:\/\/www.mr-vin.com\/en\/wp-json\/wp\/v2\/product_tag?post=6164"}],"curies":[{"name":"wp","href":"https:\/\/api.w.org\/{rel}","templated":true}]}}