{"id":6160,"date":"2022-01-13T14:22:35","date_gmt":"2022-01-13T12:22:35","guid":{"rendered":"https:\/\/www.mr-vin.com\/?post_type=product&#038;p=6160"},"modified":"2024-05-30T12:57:01","modified_gmt":"2024-05-30T10:57:01","slug":"sampayolo-godello-en-lagrimas-especial","status":"publish","type":"product","link":"https:\/\/www.mr-vin.com\/en\/product\/sampayolo-godello-en-lagrimas-especial\/","title":{"rendered":"Sampayolo godello en lagrimas especial"},"content":{"rendered":"<p>Aroma varietal, frutas de hueso n\u00edsperos, albaricoques, y manzana.<br \/>\nAmable entrada en boca, largo, muy largo, mineral, y fuerte retrogusto.<br \/>\nFermentaci\u00f3n controlada en barricas nuevas de roble franc\u00e9s y h\u00fangaro, remontado semanal de l\u00edas, logrando una mayor untuosidad y complejidad arom\u00e1tica, que se entremezclan ligeramente con la madera dejando alg\u00fan toque de confiter\u00eda fina.<\/p>\n","protected":false},"excerpt":{"rendered":"<p>Aroma varietal, frutas de hueso n\u00edsperos, albaricoques, y manzana. Amable entrada en boca, largo, muy largo, mineral, y fuerte retrogusto.\u2026<\/p>\n","protected":false},"featured_media":6161,"template":"","meta":{"inline_featured_image":false,"_monsterinsights_skip_tracking":false,"_monsterinsights_sitenote_active":false,"_monsterinsights_sitenote_note":"","_monsterinsights_sitenote_category":0},"product_brand":[],"product_cat":[79],"product_tag":[],"class_list":{"0":"post-6160","1":"product","2":"type-product","3":"status-publish","4":"has-post-thumbnail","6":"product_cat-vinos-blancos","7":"pa_bodega-sampayolo","8":"pa_zona-vinicola-d-o-valdeorras","10":"first","11":"instock","12":"taxable","13":"shipping-taxable","14":"purchasable","15":"product-type-simple"},"_links":{"self":[{"href":"https:\/\/www.mr-vin.com\/en\/wp-json\/wp\/v2\/product\/6160","targetHints":{"allow":["GET"]}}],"collection":[{"href":"https:\/\/www.mr-vin.com\/en\/wp-json\/wp\/v2\/product"}],"about":[{"href":"https:\/\/www.mr-vin.com\/en\/wp-json\/wp\/v2\/types\/product"}],"wp:featuredmedia":[{"embeddable":true,"href":"https:\/\/www.mr-vin.com\/en\/wp-json\/wp\/v2\/media\/6161"}],"wp:attachment":[{"href":"https:\/\/www.mr-vin.com\/en\/wp-json\/wp\/v2\/media?parent=6160"}],"wp:term":[{"taxonomy":"product_brand","embeddable":true,"href":"https:\/\/www.mr-vin.com\/en\/wp-json\/wp\/v2\/product_brand?post=6160"},{"taxonomy":"product_cat","embeddable":true,"href":"https:\/\/www.mr-vin.com\/en\/wp-json\/wp\/v2\/product_cat?post=6160"},{"taxonomy":"product_tag","embeddable":true,"href":"https:\/\/www.mr-vin.com\/en\/wp-json\/wp\/v2\/product_tag?post=6160"}],"curies":[{"name":"wp","href":"https:\/\/api.w.org\/{rel}","templated":true}]}}