{"id":6137,"date":"2022-01-11T14:31:39","date_gmt":"2022-01-11T12:31:39","guid":{"rendered":"https:\/\/www.mr-vin.com\/?post_type=product&#038;p=6137"},"modified":"2024-05-30T12:57:01","modified_gmt":"2024-05-30T10:57:01","slug":"luz-gin","status":"publish","type":"product","link":"https:\/\/www.mr-vin.com\/en\/product\/luz-gin\/","title":{"rendered":"Luz gin"},"content":{"rendered":"<p>45%<br \/>\n<strong>Luz London Dry Gin,<\/strong> hecha a mano con amor, Luz Gin convence a los amantes de la ginebra con ingredientes bot\u00e1nicos cuidadosamente seleccionados \u00a0y un contenido de alcohol \u00a0intenso. A pesar de que pertenece a la categor\u00eda de Dry Gin, es muy suave, por lo que la nota de enebro se acompa\u00f1a de los maravillosos sabores de productos bot\u00e1nicos.<\/p>\n<p>&nbsp;<\/p>\n","protected":false},"excerpt":{"rendered":"<p>45% Luz London Dry Gin, hecha a mano con amor, Luz Gin convence a los amantes de la ginebra con\u2026<\/p>\n","protected":false},"featured_media":6138,"template":"","meta":{"inline_featured_image":false,"_monsterinsights_skip_tracking":false,"_monsterinsights_sitenote_active":false,"_monsterinsights_sitenote_note":"","_monsterinsights_sitenote_category":0},"product_brand":[],"product_cat":[632],"product_tag":[],"class_list":{"0":"post-6137","1":"product","2":"type-product","3":"status-publish","4":"has-post-thumbnail","6":"product_cat-destilados","8":"first","9":"outofstock","10":"taxable","11":"shipping-taxable","12":"purchasable","13":"product-type-simple"},"_links":{"self":[{"href":"https:\/\/www.mr-vin.com\/en\/wp-json\/wp\/v2\/product\/6137","targetHints":{"allow":["GET"]}}],"collection":[{"href":"https:\/\/www.mr-vin.com\/en\/wp-json\/wp\/v2\/product"}],"about":[{"href":"https:\/\/www.mr-vin.com\/en\/wp-json\/wp\/v2\/types\/product"}],"wp:featuredmedia":[{"embeddable":true,"href":"https:\/\/www.mr-vin.com\/en\/wp-json\/wp\/v2\/media\/6138"}],"wp:attachment":[{"href":"https:\/\/www.mr-vin.com\/en\/wp-json\/wp\/v2\/media?parent=6137"}],"wp:term":[{"taxonomy":"product_brand","embeddable":true,"href":"https:\/\/www.mr-vin.com\/en\/wp-json\/wp\/v2\/product_brand?post=6137"},{"taxonomy":"product_cat","embeddable":true,"href":"https:\/\/www.mr-vin.com\/en\/wp-json\/wp\/v2\/product_cat?post=6137"},{"taxonomy":"product_tag","embeddable":true,"href":"https:\/\/www.mr-vin.com\/en\/wp-json\/wp\/v2\/product_tag?post=6137"}],"curies":[{"name":"wp","href":"https:\/\/api.w.org\/{rel}","templated":true}]}}