{"id":6133,"date":"2022-01-11T14:06:06","date_gmt":"2022-01-11T12:06:06","guid":{"rendered":"https:\/\/www.mr-vin.com\/?post_type=product&#038;p=6133"},"modified":"2025-12-20T13:38:09","modified_gmt":"2025-12-20T11:38:09","slug":"sacred-gin","status":"publish","type":"product","link":"https:\/\/www.mr-vin.com\/en\/product\/sacred-gin\/","title":{"rendered":"Sacred gin"},"content":{"rendered":"<p><strong>40%<br \/>\nGin Sacred<\/strong>\u00a0es el cl\u00e1sico London Dry Gin de Sacred. Est\u00e1 elaborada con pomelo org\u00e1nico fresco, naranja dulce, lim\u00f3n y lima y compensada por enebro, ra\u00edces, canela e incienso. Cada producto bot\u00e1nico de origen org\u00e1nico es destilado al vac\u00edo.<\/p>\n","protected":false},"excerpt":{"rendered":"<p>40% Gin Sacred\u00a0es el cl\u00e1sico London Dry Gin de Sacred. Est\u00e1 elaborada con pomelo org\u00e1nico fresco, naranja dulce, lim\u00f3n y\u2026<\/p>\n","protected":false},"featured_media":6134,"template":"","meta":{"inline_featured_image":false,"_monsterinsights_skip_tracking":false,"_monsterinsights_sitenote_active":false,"_monsterinsights_sitenote_note":"","_monsterinsights_sitenote_category":0},"product_brand":[],"product_cat":[632],"product_tag":[],"class_list":{"0":"post-6133","1":"product","2":"type-product","3":"status-publish","4":"has-post-thumbnail","6":"product_cat-destilados","8":"first","9":"instock","10":"taxable","11":"shipping-taxable","12":"purchasable","13":"product-type-simple"},"_links":{"self":[{"href":"https:\/\/www.mr-vin.com\/en\/wp-json\/wp\/v2\/product\/6133","targetHints":{"allow":["GET"]}}],"collection":[{"href":"https:\/\/www.mr-vin.com\/en\/wp-json\/wp\/v2\/product"}],"about":[{"href":"https:\/\/www.mr-vin.com\/en\/wp-json\/wp\/v2\/types\/product"}],"wp:featuredmedia":[{"embeddable":true,"href":"https:\/\/www.mr-vin.com\/en\/wp-json\/wp\/v2\/media\/6134"}],"wp:attachment":[{"href":"https:\/\/www.mr-vin.com\/en\/wp-json\/wp\/v2\/media?parent=6133"}],"wp:term":[{"taxonomy":"product_brand","embeddable":true,"href":"https:\/\/www.mr-vin.com\/en\/wp-json\/wp\/v2\/product_brand?post=6133"},{"taxonomy":"product_cat","embeddable":true,"href":"https:\/\/www.mr-vin.com\/en\/wp-json\/wp\/v2\/product_cat?post=6133"},{"taxonomy":"product_tag","embeddable":true,"href":"https:\/\/www.mr-vin.com\/en\/wp-json\/wp\/v2\/product_tag?post=6133"}],"curies":[{"name":"wp","href":"https:\/\/api.w.org\/{rel}","templated":true}]}}