{"id":6128,"date":"2022-01-11T13:27:09","date_gmt":"2022-01-11T11:27:09","guid":{"rendered":"https:\/\/www.mr-vin.com\/?post_type=product&#038;p=6128"},"modified":"2025-12-22T12:34:38","modified_gmt":"2025-12-22T10:34:38","slug":"sipsmith-summer-cup-50cl","status":"publish","type":"product","link":"https:\/\/www.mr-vin.com\/en\/product\/sipsmith-summer-cup-50cl\/","title":{"rendered":"Sipsmith Summer Cup 50cl"},"content":{"rendered":"<p>29%<br \/>\nBasado en la London Dry Gin, ganadora de m\u00faltiples premios, Gin Sipsmith Summer Cup 50 cl es un ponche de frutas con infusi\u00f3n de t\u00e9 Earl Grey, borraja, verbena de lim\u00f3n y un pu\u00f1ado de otros ingredientes bot\u00e1nicos.<\/p>\n","protected":false},"excerpt":{"rendered":"<p>29% Basado en la London Dry Gin, ganadora de m\u00faltiples premios, Gin Sipsmith Summer Cup 50 cl es un ponche\u2026<\/p>\n","protected":false},"featured_media":6129,"template":"","meta":{"inline_featured_image":false,"_monsterinsights_skip_tracking":false,"_monsterinsights_sitenote_active":false,"_monsterinsights_sitenote_note":"","_monsterinsights_sitenote_category":0},"product_brand":[],"product_cat":[632],"product_tag":[],"class_list":{"0":"post-6128","1":"product","2":"type-product","3":"status-publish","4":"has-post-thumbnail","6":"product_cat-destilados","8":"first","9":"instock","10":"taxable","11":"shipping-taxable","12":"purchasable","13":"product-type-simple"},"_links":{"self":[{"href":"https:\/\/www.mr-vin.com\/en\/wp-json\/wp\/v2\/product\/6128","targetHints":{"allow":["GET"]}}],"collection":[{"href":"https:\/\/www.mr-vin.com\/en\/wp-json\/wp\/v2\/product"}],"about":[{"href":"https:\/\/www.mr-vin.com\/en\/wp-json\/wp\/v2\/types\/product"}],"wp:featuredmedia":[{"embeddable":true,"href":"https:\/\/www.mr-vin.com\/en\/wp-json\/wp\/v2\/media\/6129"}],"wp:attachment":[{"href":"https:\/\/www.mr-vin.com\/en\/wp-json\/wp\/v2\/media?parent=6128"}],"wp:term":[{"taxonomy":"product_brand","embeddable":true,"href":"https:\/\/www.mr-vin.com\/en\/wp-json\/wp\/v2\/product_brand?post=6128"},{"taxonomy":"product_cat","embeddable":true,"href":"https:\/\/www.mr-vin.com\/en\/wp-json\/wp\/v2\/product_cat?post=6128"},{"taxonomy":"product_tag","embeddable":true,"href":"https:\/\/www.mr-vin.com\/en\/wp-json\/wp\/v2\/product_tag?post=6128"}],"curies":[{"name":"wp","href":"https:\/\/api.w.org\/{rel}","templated":true}]}}