{"id":6122,"date":"2022-01-10T14:29:31","date_gmt":"2022-01-10T12:29:31","guid":{"rendered":"https:\/\/www.mr-vin.com\/?post_type=product&#038;p=6122"},"modified":"2025-12-20T13:40:18","modified_gmt":"2025-12-20T11:40:18","slug":"aviation-gin","status":"publish","type":"product","link":"https:\/\/www.mr-vin.com\/en\/product\/aviation-gin\/","title":{"rendered":"Aviation gin"},"content":{"rendered":"<p>42%<br \/>\nTodo comienza con una mezcla precisa de ingredientes bot\u00e1nicos, procedentes de todo el mundo. Se introducen en sacos de nylon y son macerados en tanques durante 18 horas. El macerado se bombea a un tanque de acero inoxidable junto con agua pura. Se calienta el macerado, los vapores entran en un condensador, dando lugar a la destilaci\u00f3n. Despu\u00e9s se deja reposar durante unos pocos d\u00edas antes del embotellado en botellas hechos a mano en peque\u00f1os lotes.<\/p>\n","protected":false},"excerpt":{"rendered":"<p>42% Todo comienza con una mezcla precisa de ingredientes bot\u00e1nicos, procedentes de todo el mundo. Se introducen en sacos de\u2026<\/p>\n","protected":false},"featured_media":6123,"template":"","meta":{"inline_featured_image":false,"_monsterinsights_skip_tracking":false,"_monsterinsights_sitenote_active":false,"_monsterinsights_sitenote_note":"","_monsterinsights_sitenote_category":0},"product_brand":[],"product_cat":[632],"product_tag":[],"class_list":{"0":"post-6122","1":"product","2":"type-product","3":"status-publish","4":"has-post-thumbnail","6":"product_cat-destilados","8":"first","9":"instock","10":"taxable","11":"shipping-taxable","12":"purchasable","13":"product-type-simple"},"_links":{"self":[{"href":"https:\/\/www.mr-vin.com\/en\/wp-json\/wp\/v2\/product\/6122","targetHints":{"allow":["GET"]}}],"collection":[{"href":"https:\/\/www.mr-vin.com\/en\/wp-json\/wp\/v2\/product"}],"about":[{"href":"https:\/\/www.mr-vin.com\/en\/wp-json\/wp\/v2\/types\/product"}],"wp:featuredmedia":[{"embeddable":true,"href":"https:\/\/www.mr-vin.com\/en\/wp-json\/wp\/v2\/media\/6123"}],"wp:attachment":[{"href":"https:\/\/www.mr-vin.com\/en\/wp-json\/wp\/v2\/media?parent=6122"}],"wp:term":[{"taxonomy":"product_brand","embeddable":true,"href":"https:\/\/www.mr-vin.com\/en\/wp-json\/wp\/v2\/product_brand?post=6122"},{"taxonomy":"product_cat","embeddable":true,"href":"https:\/\/www.mr-vin.com\/en\/wp-json\/wp\/v2\/product_cat?post=6122"},{"taxonomy":"product_tag","embeddable":true,"href":"https:\/\/www.mr-vin.com\/en\/wp-json\/wp\/v2\/product_tag?post=6122"}],"curies":[{"name":"wp","href":"https:\/\/api.w.org\/{rel}","templated":true}]}}