{"id":6113,"date":"2022-01-07T18:20:33","date_gmt":"2022-01-07T16:20:33","guid":{"rendered":"https:\/\/www.mr-vin.com\/?post_type=product&#038;p=6113"},"modified":"2024-05-30T12:57:00","modified_gmt":"2024-05-30T10:57:00","slug":"gin-no-209","status":"publish","type":"product","link":"https:\/\/www.mr-vin.com\/en\/product\/gin-no-209\/","title":{"rendered":"Gin n\u00ba209"},"content":{"rendered":"<p>46%<br \/>\nEl Gin N\u00ba 209 es una ginebra que se elabora a partir de los mejores granos de enebro, lim\u00f3n, naranja y otros bot\u00e1nicos como canela, ra\u00edz de lirio, cilantro y regaliz. Luego se somete a cinco destilaciones seg\u00fan el m\u00e9todo Single Shot, es decir, usando solamente una barrica de cobre.<\/p>\n","protected":false},"excerpt":{"rendered":"<p>46% El Gin N\u00ba 209 es una ginebra que se elabora a partir de los mejores granos de enebro, lim\u00f3n,\u2026<\/p>\n","protected":false},"featured_media":6114,"template":"","meta":{"inline_featured_image":false,"_monsterinsights_skip_tracking":false,"_monsterinsights_sitenote_active":false,"_monsterinsights_sitenote_note":"","_monsterinsights_sitenote_category":0},"product_brand":[],"product_cat":[632],"product_tag":[],"class_list":{"0":"post-6113","1":"product","2":"type-product","3":"status-publish","4":"has-post-thumbnail","6":"product_cat-destilados","8":"first","9":"outofstock","10":"taxable","11":"shipping-taxable","12":"purchasable","13":"product-type-simple"},"_links":{"self":[{"href":"https:\/\/www.mr-vin.com\/en\/wp-json\/wp\/v2\/product\/6113","targetHints":{"allow":["GET"]}}],"collection":[{"href":"https:\/\/www.mr-vin.com\/en\/wp-json\/wp\/v2\/product"}],"about":[{"href":"https:\/\/www.mr-vin.com\/en\/wp-json\/wp\/v2\/types\/product"}],"wp:featuredmedia":[{"embeddable":true,"href":"https:\/\/www.mr-vin.com\/en\/wp-json\/wp\/v2\/media\/6114"}],"wp:attachment":[{"href":"https:\/\/www.mr-vin.com\/en\/wp-json\/wp\/v2\/media?parent=6113"}],"wp:term":[{"taxonomy":"product_brand","embeddable":true,"href":"https:\/\/www.mr-vin.com\/en\/wp-json\/wp\/v2\/product_brand?post=6113"},{"taxonomy":"product_cat","embeddable":true,"href":"https:\/\/www.mr-vin.com\/en\/wp-json\/wp\/v2\/product_cat?post=6113"},{"taxonomy":"product_tag","embeddable":true,"href":"https:\/\/www.mr-vin.com\/en\/wp-json\/wp\/v2\/product_tag?post=6113"}],"curies":[{"name":"wp","href":"https:\/\/api.w.org\/{rel}","templated":true}]}}