{"id":6104,"date":"2022-01-03T18:50:35","date_gmt":"2022-01-03T16:50:35","guid":{"rendered":"https:\/\/www.mr-vin.com\/?post_type=product&#038;p=6104"},"modified":"2025-12-20T13:38:47","modified_gmt":"2025-12-20T11:38:47","slug":"sipsmith-sloe-gin","status":"publish","type":"product","link":"https:\/\/www.mr-vin.com\/en\/product\/sipsmith-sloe-gin\/","title":{"rendered":"Sipsmith sloe gin"},"content":{"rendered":"<p>29%<br \/>\nObtenida mediante un proceso de\u00a0<strong>cinco destilaciones por lotes dentro de Prudence<\/strong>, un alambique de cobre de 300 litros, al que se le a\u00f1ade agua del r\u00edo Lywell, este l\u00edquido resultante se infusiona con bayas de endrino que le aportan un sabor suave y rico.<\/p>\n<p>Nada m\u00e1s abrir la botella apreciamos un\u00a0<strong>aroma embriagador<\/strong>\u00a0con notas a grosellas, ar\u00e1ndanos secos, membrillo, almendra y popurr\u00ed. En boca se muestra con una\u00a0<strong>textura cremosa<\/strong>\u00a0y notas a canela y grosella que dejan paso a mermelada de ciruela, pimienta negra y manzana. Tiene un final suave y largo picante que conforme desaparece deja un regusto a mermelada de ciruela.<\/p>\n","protected":false},"excerpt":{"rendered":"<p>29% Obtenida mediante un proceso de\u00a0cinco destilaciones por lotes dentro de Prudence, un alambique de cobre de 300 litros, al\u2026<\/p>\n","protected":false},"featured_media":6110,"template":"","meta":{"inline_featured_image":false,"_monsterinsights_skip_tracking":false,"_monsterinsights_sitenote_active":false,"_monsterinsights_sitenote_note":"","_monsterinsights_sitenote_category":0},"product_brand":[],"product_cat":[632],"product_tag":[],"class_list":{"0":"post-6104","1":"product","2":"type-product","3":"status-publish","4":"has-post-thumbnail","6":"product_cat-destilados","8":"first","9":"instock","10":"taxable","11":"shipping-taxable","12":"purchasable","13":"product-type-simple"},"_links":{"self":[{"href":"https:\/\/www.mr-vin.com\/en\/wp-json\/wp\/v2\/product\/6104","targetHints":{"allow":["GET"]}}],"collection":[{"href":"https:\/\/www.mr-vin.com\/en\/wp-json\/wp\/v2\/product"}],"about":[{"href":"https:\/\/www.mr-vin.com\/en\/wp-json\/wp\/v2\/types\/product"}],"wp:featuredmedia":[{"embeddable":true,"href":"https:\/\/www.mr-vin.com\/en\/wp-json\/wp\/v2\/media\/6110"}],"wp:attachment":[{"href":"https:\/\/www.mr-vin.com\/en\/wp-json\/wp\/v2\/media?parent=6104"}],"wp:term":[{"taxonomy":"product_brand","embeddable":true,"href":"https:\/\/www.mr-vin.com\/en\/wp-json\/wp\/v2\/product_brand?post=6104"},{"taxonomy":"product_cat","embeddable":true,"href":"https:\/\/www.mr-vin.com\/en\/wp-json\/wp\/v2\/product_cat?post=6104"},{"taxonomy":"product_tag","embeddable":true,"href":"https:\/\/www.mr-vin.com\/en\/wp-json\/wp\/v2\/product_tag?post=6104"}],"curies":[{"name":"wp","href":"https:\/\/api.w.org\/{rel}","templated":true}]}}