{"id":6100,"date":"2022-01-03T18:40:03","date_gmt":"2022-01-03T16:40:03","guid":{"rendered":"https:\/\/www.mr-vin.com\/?post_type=product&#038;p=6100"},"modified":"2024-11-12T14:04:41","modified_gmt":"2024-11-12T12:04:41","slug":"colors-gin","status":"publish","type":"product","link":"https:\/\/www.mr-vin.com\/en\/product\/colors-gin\/","title":{"rendered":"Colors gin"},"content":{"rendered":"<p>40%<br \/>\nGinebra elaborada en la destiler\u00eda m\u00e1s antigua del Reino Unido de forma tradicional siguiendo una receta que destaca por la cuidada selecci\u00f3n de bot\u00e1nicos de todo el mundo buscando el \u201ccolor\u201d en cada rinc\u00f3n del planeta.<br \/>\nGinebra muy suave y melosa pero ante todo muy vers\u00e1til, f\u00e1cil de combinar con cualquier refresco e id\u00f3nea para cocteler\u00eda por su gran versatilidad. Post gusto largo y muy agradable<\/p>\n","protected":false},"excerpt":{"rendered":"<p>40% Ginebra elaborada en la destiler\u00eda m\u00e1s antigua del Reino Unido de forma tradicional siguiendo una receta que destaca por\u2026<\/p>\n","protected":false},"featured_media":6101,"template":"","meta":{"inline_featured_image":false,"_monsterinsights_skip_tracking":false,"_monsterinsights_sitenote_active":false,"_monsterinsights_sitenote_note":"","_monsterinsights_sitenote_category":0},"product_brand":[],"product_cat":[632],"product_tag":[],"class_list":{"0":"post-6100","1":"product","2":"type-product","3":"status-publish","4":"has-post-thumbnail","6":"product_cat-destilados","8":"first","9":"outofstock","10":"taxable","11":"shipping-taxable","12":"purchasable","13":"product-type-simple"},"_links":{"self":[{"href":"https:\/\/www.mr-vin.com\/en\/wp-json\/wp\/v2\/product\/6100","targetHints":{"allow":["GET"]}}],"collection":[{"href":"https:\/\/www.mr-vin.com\/en\/wp-json\/wp\/v2\/product"}],"about":[{"href":"https:\/\/www.mr-vin.com\/en\/wp-json\/wp\/v2\/types\/product"}],"wp:featuredmedia":[{"embeddable":true,"href":"https:\/\/www.mr-vin.com\/en\/wp-json\/wp\/v2\/media\/6101"}],"wp:attachment":[{"href":"https:\/\/www.mr-vin.com\/en\/wp-json\/wp\/v2\/media?parent=6100"}],"wp:term":[{"taxonomy":"product_brand","embeddable":true,"href":"https:\/\/www.mr-vin.com\/en\/wp-json\/wp\/v2\/product_brand?post=6100"},{"taxonomy":"product_cat","embeddable":true,"href":"https:\/\/www.mr-vin.com\/en\/wp-json\/wp\/v2\/product_cat?post=6100"},{"taxonomy":"product_tag","embeddable":true,"href":"https:\/\/www.mr-vin.com\/en\/wp-json\/wp\/v2\/product_tag?post=6100"}],"curies":[{"name":"wp","href":"https:\/\/api.w.org\/{rel}","templated":true}]}}