{"id":6096,"date":"2022-01-03T18:33:00","date_gmt":"2022-01-03T16:33:00","guid":{"rendered":"https:\/\/www.mr-vin.com\/?post_type=product&#038;p=6096"},"modified":"2025-12-22T13:19:52","modified_gmt":"2025-12-22T11:19:52","slug":"williams-chase-seville-orange-gin","status":"publish","type":"product","link":"https:\/\/www.mr-vin.com\/en\/product\/williams-chase-seville-orange-gin\/","title":{"rendered":"Williams chase seville orange gin"},"content":{"rendered":"<p>40%<br \/>\nEs el resultado de un proceso de destilaci\u00f3n de una base de manzanas de sidra a las que se les infusiona con una variedad de bot\u00e1nicos especialmente seleccionados entre los que destacan el lim\u00f3n y las bayas de enebro.<\/p>\n<p>La William Chase Seville Orange gin se vuelve a someter a un segundo proceso de destilaci\u00f3n en alambiques de cobre en el que el licor pasa a trav\u00e9s de mondas de naranja infusion\u00e1ndose as\u00ed con la base para crear esta ginebra con sabor a naranja.<\/p>\n<p>Apariencia de n\u00e9ctar, en nariz aparecen aceites florales naturales. Una ginebra muy fragante con flor de sa\u00faco en el paladar, con un final dulce con sabor a piel de naranja de Sevilla.<\/p>\n","protected":false},"excerpt":{"rendered":"<p>40% Es el resultado de un proceso de destilaci\u00f3n de una base de manzanas de sidra a las que se\u2026<\/p>\n","protected":false},"featured_media":6097,"template":"","meta":{"inline_featured_image":false,"_monsterinsights_skip_tracking":false,"_monsterinsights_sitenote_active":false,"_monsterinsights_sitenote_note":"","_monsterinsights_sitenote_category":0},"product_brand":[],"product_cat":[632],"product_tag":[],"class_list":{"0":"post-6096","1":"product","2":"type-product","3":"status-publish","4":"has-post-thumbnail","6":"product_cat-destilados","8":"first","9":"instock","10":"taxable","11":"shipping-taxable","12":"purchasable","13":"product-type-simple"},"_links":{"self":[{"href":"https:\/\/www.mr-vin.com\/en\/wp-json\/wp\/v2\/product\/6096","targetHints":{"allow":["GET"]}}],"collection":[{"href":"https:\/\/www.mr-vin.com\/en\/wp-json\/wp\/v2\/product"}],"about":[{"href":"https:\/\/www.mr-vin.com\/en\/wp-json\/wp\/v2\/types\/product"}],"wp:featuredmedia":[{"embeddable":true,"href":"https:\/\/www.mr-vin.com\/en\/wp-json\/wp\/v2\/media\/6097"}],"wp:attachment":[{"href":"https:\/\/www.mr-vin.com\/en\/wp-json\/wp\/v2\/media?parent=6096"}],"wp:term":[{"taxonomy":"product_brand","embeddable":true,"href":"https:\/\/www.mr-vin.com\/en\/wp-json\/wp\/v2\/product_brand?post=6096"},{"taxonomy":"product_cat","embeddable":true,"href":"https:\/\/www.mr-vin.com\/en\/wp-json\/wp\/v2\/product_cat?post=6096"},{"taxonomy":"product_tag","embeddable":true,"href":"https:\/\/www.mr-vin.com\/en\/wp-json\/wp\/v2\/product_tag?post=6096"}],"curies":[{"name":"wp","href":"https:\/\/api.w.org\/{rel}","templated":true}]}}