{"id":6092,"date":"2022-01-03T17:59:04","date_gmt":"2022-01-03T15:59:04","guid":{"rendered":"https:\/\/www.mr-vin.com\/?post_type=product&#038;p=6092"},"modified":"2024-05-30T12:57:00","modified_gmt":"2024-05-30T10:57:00","slug":"williams-chase-elegant-crisp-gin","status":"publish","type":"product","link":"https:\/\/www.mr-vin.com\/en\/product\/williams-chase-elegant-crisp-gin\/","title":{"rendered":"Williams Chase Elegant Crisp Gin"},"content":{"rendered":"<p>48%<br \/>\nElaborado a partir de manzanas, cultivadas ecol\u00f3gicamente en Herefordshire. Doble destilaci\u00f3n en columna de cobre de 21 metros y redestilado por tercera vez en un peque\u00f1o alambique donde se aromatiza con 10 bot\u00e1nicos m\u00e1s: enebro, cilantro, ang\u00e9lica, regaliz, iris florentina, naranja, lim\u00f3n, l\u00fapulo, flor de sa\u00faco y manzana Bramley.<\/p>\n","protected":false},"excerpt":{"rendered":"<p>48% Elaborado a partir de manzanas, cultivadas ecol\u00f3gicamente en Herefordshire. Doble destilaci\u00f3n en columna de cobre de 21 metros y\u2026<\/p>\n","protected":false},"featured_media":6093,"template":"","meta":{"inline_featured_image":false,"_monsterinsights_skip_tracking":false,"_monsterinsights_sitenote_active":false,"_monsterinsights_sitenote_note":"","_monsterinsights_sitenote_category":0},"product_brand":[],"product_cat":[632],"product_tag":[],"class_list":{"0":"post-6092","1":"product","2":"type-product","3":"status-publish","4":"has-post-thumbnail","6":"product_cat-destilados","8":"first","9":"outofstock","10":"taxable","11":"shipping-taxable","12":"purchasable","13":"product-type-simple"},"_links":{"self":[{"href":"https:\/\/www.mr-vin.com\/en\/wp-json\/wp\/v2\/product\/6092","targetHints":{"allow":["GET"]}}],"collection":[{"href":"https:\/\/www.mr-vin.com\/en\/wp-json\/wp\/v2\/product"}],"about":[{"href":"https:\/\/www.mr-vin.com\/en\/wp-json\/wp\/v2\/types\/product"}],"wp:featuredmedia":[{"embeddable":true,"href":"https:\/\/www.mr-vin.com\/en\/wp-json\/wp\/v2\/media\/6093"}],"wp:attachment":[{"href":"https:\/\/www.mr-vin.com\/en\/wp-json\/wp\/v2\/media?parent=6092"}],"wp:term":[{"taxonomy":"product_brand","embeddable":true,"href":"https:\/\/www.mr-vin.com\/en\/wp-json\/wp\/v2\/product_brand?post=6092"},{"taxonomy":"product_cat","embeddable":true,"href":"https:\/\/www.mr-vin.com\/en\/wp-json\/wp\/v2\/product_cat?post=6092"},{"taxonomy":"product_tag","embeddable":true,"href":"https:\/\/www.mr-vin.com\/en\/wp-json\/wp\/v2\/product_tag?post=6092"}],"curies":[{"name":"wp","href":"https:\/\/api.w.org\/{rel}","templated":true}]}}