{"id":6088,"date":"2022-01-03T17:47:46","date_gmt":"2022-01-03T15:47:46","guid":{"rendered":"https:\/\/www.mr-vin.com\/?post_type=product&#038;p=6088"},"modified":"2025-12-20T13:39:17","modified_gmt":"2025-12-20T11:39:17","slug":"gin-glorious","status":"publish","type":"product","link":"https:\/\/www.mr-vin.com\/en\/product\/gin-glorious\/","title":{"rendered":"Gin Glorious"},"content":{"rendered":"<p>45%<br \/>\nDestilada en Nueva York, esta es la primera ginebra que se produce en la destiler\u00eda Breuckelen. Est\u00e1 hecho con trigo de origen local, as\u00ed como una mezcla de ingredientes bot\u00e1nicos que incluyen lim\u00f3n, romero, jengibre, pomelo y, por supuesto, enebro.<\/p>\n<p>Nariz: Hierbas secas en nariz, con esas notas de romero en primer plano, respaldadas por una ola de c\u00edtricos y enebro.<\/p>\n<p>Boca: Enebro terroso con pomelo picante, notas de jengibre y hierbas frescas. Una ginebra muy compleja.<\/p>\n<p>Final: Final largo y especiado. Bastante aceitoso y especiado.<\/p>\n","protected":false},"excerpt":{"rendered":"<p>45% Destilada en Nueva York, esta es la primera ginebra que se produce en la destiler\u00eda Breuckelen. Est\u00e1 hecho con\u2026<\/p>\n","protected":false},"featured_media":6089,"template":"","meta":{"inline_featured_image":false,"_monsterinsights_skip_tracking":false,"_monsterinsights_sitenote_active":false,"_monsterinsights_sitenote_note":"","_monsterinsights_sitenote_category":0},"product_brand":[],"product_cat":[632],"product_tag":[],"class_list":{"0":"post-6088","1":"product","2":"type-product","3":"status-publish","4":"has-post-thumbnail","6":"product_cat-destilados","8":"first","9":"instock","10":"taxable","11":"shipping-taxable","12":"purchasable","13":"product-type-simple"},"_links":{"self":[{"href":"https:\/\/www.mr-vin.com\/en\/wp-json\/wp\/v2\/product\/6088","targetHints":{"allow":["GET"]}}],"collection":[{"href":"https:\/\/www.mr-vin.com\/en\/wp-json\/wp\/v2\/product"}],"about":[{"href":"https:\/\/www.mr-vin.com\/en\/wp-json\/wp\/v2\/types\/product"}],"wp:featuredmedia":[{"embeddable":true,"href":"https:\/\/www.mr-vin.com\/en\/wp-json\/wp\/v2\/media\/6089"}],"wp:attachment":[{"href":"https:\/\/www.mr-vin.com\/en\/wp-json\/wp\/v2\/media?parent=6088"}],"wp:term":[{"taxonomy":"product_brand","embeddable":true,"href":"https:\/\/www.mr-vin.com\/en\/wp-json\/wp\/v2\/product_brand?post=6088"},{"taxonomy":"product_cat","embeddable":true,"href":"https:\/\/www.mr-vin.com\/en\/wp-json\/wp\/v2\/product_cat?post=6088"},{"taxonomy":"product_tag","embeddable":true,"href":"https:\/\/www.mr-vin.com\/en\/wp-json\/wp\/v2\/product_tag?post=6088"}],"curies":[{"name":"wp","href":"https:\/\/api.w.org\/{rel}","templated":true}]}}