{"id":6083,"date":"2022-01-03T17:32:45","date_gmt":"2022-01-03T15:32:45","guid":{"rendered":"https:\/\/www.mr-vin.com\/?post_type=product&#038;p=6083"},"modified":"2025-12-20T13:39:30","modified_gmt":"2025-12-20T11:39:30","slug":"gin-william-chase-extra-dry","status":"publish","type":"product","link":"https:\/\/www.mr-vin.com\/en\/product\/gin-william-chase-extra-dry\/","title":{"rendered":"Gin william chase extra dry"},"content":{"rendered":"<p>40%<br \/>\nEs la \u00fanica destiler\u00eda brit\u00e1nica que controla todo el proceso de elaboraci\u00f3n, desde la semilla hasta la botella, produciendo con materia prima propia en un entorno artesanal y rural.<\/p>\n<p>Ginebras de corte cl\u00e1sico, en la que el enebro es el principal protagonista.<\/p>\n<p>Utiliza la patata como materia prima. Entre sus bot\u00e1nicos encontramos enebro, almendra amarga, cilantro, cardamomo, flor de acacia, flor de sa\u00faco, clavo, ra\u00edz de ang\u00e9lica, regaliz y piel de lim\u00f3n.<\/p>\n<p>Notas herb\u00e1ceas en nariz. Textura ligera y recuerdos amargos.<\/p>\n","protected":false},"excerpt":{"rendered":"<p>40% Es la \u00fanica destiler\u00eda brit\u00e1nica que controla todo el proceso de elaboraci\u00f3n, desde la semilla hasta la botella, produciendo\u2026<\/p>\n","protected":false},"featured_media":6084,"template":"","meta":{"inline_featured_image":false,"_monsterinsights_skip_tracking":false,"_monsterinsights_sitenote_active":false,"_monsterinsights_sitenote_note":"","_monsterinsights_sitenote_category":0},"product_brand":[],"product_cat":[632],"product_tag":[],"class_list":{"0":"post-6083","1":"product","2":"type-product","3":"status-publish","4":"has-post-thumbnail","6":"product_cat-destilados","8":"first","9":"instock","10":"taxable","11":"shipping-taxable","12":"purchasable","13":"product-type-simple"},"_links":{"self":[{"href":"https:\/\/www.mr-vin.com\/en\/wp-json\/wp\/v2\/product\/6083","targetHints":{"allow":["GET"]}}],"collection":[{"href":"https:\/\/www.mr-vin.com\/en\/wp-json\/wp\/v2\/product"}],"about":[{"href":"https:\/\/www.mr-vin.com\/en\/wp-json\/wp\/v2\/types\/product"}],"wp:featuredmedia":[{"embeddable":true,"href":"https:\/\/www.mr-vin.com\/en\/wp-json\/wp\/v2\/media\/6084"}],"wp:attachment":[{"href":"https:\/\/www.mr-vin.com\/en\/wp-json\/wp\/v2\/media?parent=6083"}],"wp:term":[{"taxonomy":"product_brand","embeddable":true,"href":"https:\/\/www.mr-vin.com\/en\/wp-json\/wp\/v2\/product_brand?post=6083"},{"taxonomy":"product_cat","embeddable":true,"href":"https:\/\/www.mr-vin.com\/en\/wp-json\/wp\/v2\/product_cat?post=6083"},{"taxonomy":"product_tag","embeddable":true,"href":"https:\/\/www.mr-vin.com\/en\/wp-json\/wp\/v2\/product_tag?post=6083"}],"curies":[{"name":"wp","href":"https:\/\/api.w.org\/{rel}","templated":true}]}}