{"id":6069,"date":"2021-12-29T18:28:10","date_gmt":"2021-12-29T16:28:10","guid":{"rendered":"https:\/\/www.mr-vin.com\/?post_type=product&#038;p=6069"},"modified":"2025-12-20T13:39:50","modified_gmt":"2025-12-20T11:39:50","slug":"platu-gin","status":"publish","type":"product","link":"https:\/\/www.mr-vin.com\/en\/product\/platu-gin\/","title":{"rendered":"Platu gin"},"content":{"rendered":"<p>39%<br \/>\nLos elementos con los que se elabora Plat\u00fa Gin son las bayas de enebro, las semillas de cilantro, la ra\u00edz de oris, regaliz y ang\u00e9lica, la canela, la nuez moscada y tambi\u00e9n la corteza de naranja, casia y lim\u00f3n.<br \/>\nLa maceraci\u00f3n de estos se realiza entre la segunda y tercera destilaci\u00f3n, con el fin de extraer de la mejor manera los mejores matices arom\u00e1ticos<\/p>\n","protected":false},"excerpt":{"rendered":"<p>39% Los elementos con los que se elabora Plat\u00fa Gin son las bayas de enebro, las semillas de cilantro, la\u2026<\/p>\n","protected":false},"featured_media":9279,"template":"","meta":{"inline_featured_image":false,"_monsterinsights_skip_tracking":false,"_monsterinsights_sitenote_active":false,"_monsterinsights_sitenote_note":"","_monsterinsights_sitenote_category":0},"product_brand":[],"product_cat":[632],"product_tag":[],"class_list":{"0":"post-6069","1":"product","2":"type-product","3":"status-publish","4":"has-post-thumbnail","6":"product_cat-destilados","8":"first","9":"instock","10":"taxable","11":"shipping-taxable","12":"purchasable","13":"product-type-simple"},"_links":{"self":[{"href":"https:\/\/www.mr-vin.com\/en\/wp-json\/wp\/v2\/product\/6069","targetHints":{"allow":["GET"]}}],"collection":[{"href":"https:\/\/www.mr-vin.com\/en\/wp-json\/wp\/v2\/product"}],"about":[{"href":"https:\/\/www.mr-vin.com\/en\/wp-json\/wp\/v2\/types\/product"}],"wp:featuredmedia":[{"embeddable":true,"href":"https:\/\/www.mr-vin.com\/en\/wp-json\/wp\/v2\/media\/9279"}],"wp:attachment":[{"href":"https:\/\/www.mr-vin.com\/en\/wp-json\/wp\/v2\/media?parent=6069"}],"wp:term":[{"taxonomy":"product_brand","embeddable":true,"href":"https:\/\/www.mr-vin.com\/en\/wp-json\/wp\/v2\/product_brand?post=6069"},{"taxonomy":"product_cat","embeddable":true,"href":"https:\/\/www.mr-vin.com\/en\/wp-json\/wp\/v2\/product_cat?post=6069"},{"taxonomy":"product_tag","embeddable":true,"href":"https:\/\/www.mr-vin.com\/en\/wp-json\/wp\/v2\/product_tag?post=6069"}],"curies":[{"name":"wp","href":"https:\/\/api.w.org\/{rel}","templated":true}]}}