{"id":5907,"date":"2021-10-08T12:39:28","date_gmt":"2021-10-08T10:39:28","guid":{"rendered":"https:\/\/www.mr-vin.com\/?post_type=product&#038;p=5907"},"modified":"2024-05-30T12:56:59","modified_gmt":"2024-05-30T10:56:59","slug":"61-dorado-en-rama","status":"publish","type":"product","link":"https:\/\/www.mr-vin.com\/en\/product\/61-dorado-en-rama\/","title":{"rendered":"61 dorado en rama"},"content":{"rendered":"<p>50% Palomino fino, 50% Verdejo.<\/p>\n<p>Un vino \u00fanico que saca lo mejor de la uva Palomino en la Denominaci\u00f3n de Origen Rueda, una uva condenada a su desaparici\u00f3n ya que tiene vetada su plantaci\u00f3n, pero de la que la cooperativa lasecana mima cepas centenarias con el objetivo de continuar las elaboraciones primigenias de la zona.<\/p>\n","protected":false},"excerpt":{"rendered":"<p>50% Palomino fino, 50% Verdejo. Un vino \u00fanico que saca lo mejor de la uva Palomino en la Denominaci\u00f3n de\u2026<\/p>\n","protected":false},"featured_media":5908,"template":"","meta":{"inline_featured_image":false,"_monsterinsights_skip_tracking":false,"_monsterinsights_sitenote_active":false,"_monsterinsights_sitenote_note":"","_monsterinsights_sitenote_category":0},"product_brand":[],"product_cat":[79,156],"product_tag":[],"class_list":{"0":"post-5907","1":"product","2":"type-product","3":"status-publish","4":"has-post-thumbnail","6":"product_cat-vinos-blancos","7":"product_cat-vinos-dulces","8":"pa_bodega-cuatro-rayas","9":"pa_estilo-blanco-encabezado-de-crianza-oxidativa","10":"pa_zona-vinicola-d-o-rueda","12":"first","13":"instock","14":"taxable","15":"shipping-taxable","16":"purchasable","17":"product-type-simple"},"_links":{"self":[{"href":"https:\/\/www.mr-vin.com\/en\/wp-json\/wp\/v2\/product\/5907","targetHints":{"allow":["GET"]}}],"collection":[{"href":"https:\/\/www.mr-vin.com\/en\/wp-json\/wp\/v2\/product"}],"about":[{"href":"https:\/\/www.mr-vin.com\/en\/wp-json\/wp\/v2\/types\/product"}],"wp:featuredmedia":[{"embeddable":true,"href":"https:\/\/www.mr-vin.com\/en\/wp-json\/wp\/v2\/media\/5908"}],"wp:attachment":[{"href":"https:\/\/www.mr-vin.com\/en\/wp-json\/wp\/v2\/media?parent=5907"}],"wp:term":[{"taxonomy":"product_brand","embeddable":true,"href":"https:\/\/www.mr-vin.com\/en\/wp-json\/wp\/v2\/product_brand?post=5907"},{"taxonomy":"product_cat","embeddable":true,"href":"https:\/\/www.mr-vin.com\/en\/wp-json\/wp\/v2\/product_cat?post=5907"},{"taxonomy":"product_tag","embeddable":true,"href":"https:\/\/www.mr-vin.com\/en\/wp-json\/wp\/v2\/product_tag?post=5907"}],"curies":[{"name":"wp","href":"https:\/\/api.w.org\/{rel}","templated":true}]}}