{"id":5895,"date":"2021-10-01T13:13:38","date_gmt":"2021-10-01T11:13:38","guid":{"rendered":"https:\/\/www.mr-vin.com\/?post_type=product&#038;p=5895"},"modified":"2024-05-30T12:56:59","modified_gmt":"2024-05-30T10:56:59","slug":"la-jefa-blanco-matsu","status":"publish","type":"product","link":"https:\/\/www.mr-vin.com\/en\/product\/la-jefa-blanco-matsu\/","title":{"rendered":"La jefa blanco Matsu"},"content":{"rendered":"<p>Malvasia y otras variedades.<\/p>\n<p>Vino de guarda. Elaboraci\u00f3n de m\u00ednima intervenci\u00f3n. Maceraci\u00f3n con las pieles durante 4 horas, prensado suave y desfangado est\u00e1tico. Fermentaci\u00f3n espont\u00e1nea con levaduras aut\u00f3ctonas en barricas nuevas de roble franc\u00e9s de 600 litros, donde se mantiene en contacto con las l\u00edas finas.<\/p>\n<p>14 meses en \u201cbocoyes\u201d (grandes barricas) nuevos de roble franc\u00e9s de 600 litros, con tostados ligeros.<\/p>\n","protected":false},"excerpt":{"rendered":"<p>Malvasia y otras variedades. Vino de guarda. Elaboraci\u00f3n de m\u00ednima intervenci\u00f3n. Maceraci\u00f3n con las pieles durante 4 horas, prensado suave\u2026<\/p>\n","protected":false},"featured_media":5896,"template":"","meta":{"inline_featured_image":false,"_monsterinsights_skip_tracking":false,"_monsterinsights_sitenote_active":false,"_monsterinsights_sitenote_note":"","_monsterinsights_sitenote_category":0},"product_brand":[],"product_cat":[79],"product_tag":[],"class_list":{"0":"post-5895","1":"product","2":"type-product","3":"status-publish","4":"has-post-thumbnail","6":"product_cat-vinos-blancos","7":"pa_bodega-matsu","8":"pa_zona-vinicola-d-o-toro","10":"first","11":"instock","12":"taxable","13":"shipping-taxable","14":"purchasable","15":"product-type-simple"},"_links":{"self":[{"href":"https:\/\/www.mr-vin.com\/en\/wp-json\/wp\/v2\/product\/5895","targetHints":{"allow":["GET"]}}],"collection":[{"href":"https:\/\/www.mr-vin.com\/en\/wp-json\/wp\/v2\/product"}],"about":[{"href":"https:\/\/www.mr-vin.com\/en\/wp-json\/wp\/v2\/types\/product"}],"wp:featuredmedia":[{"embeddable":true,"href":"https:\/\/www.mr-vin.com\/en\/wp-json\/wp\/v2\/media\/5896"}],"wp:attachment":[{"href":"https:\/\/www.mr-vin.com\/en\/wp-json\/wp\/v2\/media?parent=5895"}],"wp:term":[{"taxonomy":"product_brand","embeddable":true,"href":"https:\/\/www.mr-vin.com\/en\/wp-json\/wp\/v2\/product_brand?post=5895"},{"taxonomy":"product_cat","embeddable":true,"href":"https:\/\/www.mr-vin.com\/en\/wp-json\/wp\/v2\/product_cat?post=5895"},{"taxonomy":"product_tag","embeddable":true,"href":"https:\/\/www.mr-vin.com\/en\/wp-json\/wp\/v2\/product_tag?post=5895"}],"curies":[{"name":"wp","href":"https:\/\/api.w.org\/{rel}","templated":true}]}}