{"id":5878,"date":"2021-09-30T13:22:51","date_gmt":"2021-09-30T11:22:51","guid":{"rendered":"https:\/\/www.mr-vin.com\/?post_type=product&#038;p=5878"},"modified":"2024-05-30T12:56:59","modified_gmt":"2024-05-30T10:56:59","slug":"clon-de-la-familia","status":"publish","type":"product","link":"https:\/\/www.mr-vin.com\/en\/product\/clon-de-la-familia\/","title":{"rendered":"Clon de la familia"},"content":{"rendered":"<p>Todas las uvas que forman parte de este vino pertenecen al clon de <strong>tempranillo<\/strong> original de sus vi\u00f1edos m\u00e1s viejos, un clon que la familia Moro ha conseguido aislar y reproducir a lo largo de los a\u00f1os. Monovarietal de tinto fino, macera con los hollejos durante un mes y fermenta en dep\u00f3sitos de acero inoxidable a temperatura controlada. Posteriormente recibe una crianza de 18 meses en barricas de delicada madera francesa que respetan la esencia frutal del vino.<\/p>\n","protected":false},"excerpt":{"rendered":"<p>Todas las uvas que forman parte de este vino pertenecen al clon de tempranillo original de sus vi\u00f1edos m\u00e1s viejos,\u2026<\/p>\n","protected":false},"featured_media":5881,"template":"","meta":{"inline_featured_image":false,"_monsterinsights_skip_tracking":false,"_monsterinsights_sitenote_active":false,"_monsterinsights_sitenote_note":"","_monsterinsights_sitenote_category":0},"product_brand":[],"product_cat":[792,77],"product_tag":[],"class_list":{"0":"post-5878","1":"product","2":"type-product","3":"status-publish","4":"has-post-thumbnail","6":"product_cat-novedades","7":"product_cat-vinos-tintos","8":"pa_bodega-emilio-moro","9":"pa_zona-vinicola-d-o-ribera-del-duero","11":"first","12":"instock","13":"taxable","14":"shipping-taxable","15":"purchasable","16":"product-type-simple"},"_links":{"self":[{"href":"https:\/\/www.mr-vin.com\/en\/wp-json\/wp\/v2\/product\/5878","targetHints":{"allow":["GET"]}}],"collection":[{"href":"https:\/\/www.mr-vin.com\/en\/wp-json\/wp\/v2\/product"}],"about":[{"href":"https:\/\/www.mr-vin.com\/en\/wp-json\/wp\/v2\/types\/product"}],"wp:featuredmedia":[{"embeddable":true,"href":"https:\/\/www.mr-vin.com\/en\/wp-json\/wp\/v2\/media\/5881"}],"wp:attachment":[{"href":"https:\/\/www.mr-vin.com\/en\/wp-json\/wp\/v2\/media?parent=5878"}],"wp:term":[{"taxonomy":"product_brand","embeddable":true,"href":"https:\/\/www.mr-vin.com\/en\/wp-json\/wp\/v2\/product_brand?post=5878"},{"taxonomy":"product_cat","embeddable":true,"href":"https:\/\/www.mr-vin.com\/en\/wp-json\/wp\/v2\/product_cat?post=5878"},{"taxonomy":"product_tag","embeddable":true,"href":"https:\/\/www.mr-vin.com\/en\/wp-json\/wp\/v2\/product_tag?post=5878"}],"curies":[{"name":"wp","href":"https:\/\/api.w.org\/{rel}","templated":true}]}}