{"id":5867,"date":"2021-09-30T12:13:47","date_gmt":"2021-09-30T10:13:47","guid":{"rendered":"https:\/\/www.mr-vin.com\/?post_type=product&#038;p=5867"},"modified":"2024-05-30T12:56:59","modified_gmt":"2024-05-30T10:56:59","slug":"microcosmico-frontonio-macabeo","status":"publish","type":"product","link":"https:\/\/www.mr-vin.com\/en\/product\/microcosmico-frontonio-macabeo\/","title":{"rendered":"Microc\u00f3smico frontonio macabeo"},"content":{"rendered":"<p>Blanco joven mineral y energ\u00e9tico. En nariz notas a jazm\u00edn y pomelo. En boca es complejo, estructurado e intenso, con acidez y frescura.<\/p>\n<p>6 meses sobre l\u00edas en inox.<\/p>\n","protected":false},"excerpt":{"rendered":"<p>Blanco joven mineral y energ\u00e9tico. En nariz notas a jazm\u00edn y pomelo. En boca es complejo, estructurado e intenso, con\u2026<\/p>\n","protected":false},"featured_media":5883,"template":"","meta":{"inline_featured_image":false,"_monsterinsights_skip_tracking":false,"_monsterinsights_sitenote_active":false,"_monsterinsights_sitenote_note":"","_monsterinsights_sitenote_category":0},"product_brand":[],"product_cat":[79],"product_tag":[],"class_list":{"0":"post-5867","1":"product","2":"type-product","3":"status-publish","4":"has-post-thumbnail","6":"product_cat-vinos-blancos","7":"pa_bodega-frontonio","8":"pa_zona-vinicola-v-t-valdejalon","10":"first","11":"instock","12":"taxable","13":"shipping-taxable","14":"purchasable","15":"product-type-simple"},"_links":{"self":[{"href":"https:\/\/www.mr-vin.com\/en\/wp-json\/wp\/v2\/product\/5867","targetHints":{"allow":["GET"]}}],"collection":[{"href":"https:\/\/www.mr-vin.com\/en\/wp-json\/wp\/v2\/product"}],"about":[{"href":"https:\/\/www.mr-vin.com\/en\/wp-json\/wp\/v2\/types\/product"}],"wp:featuredmedia":[{"embeddable":true,"href":"https:\/\/www.mr-vin.com\/en\/wp-json\/wp\/v2\/media\/5883"}],"wp:attachment":[{"href":"https:\/\/www.mr-vin.com\/en\/wp-json\/wp\/v2\/media?parent=5867"}],"wp:term":[{"taxonomy":"product_brand","embeddable":true,"href":"https:\/\/www.mr-vin.com\/en\/wp-json\/wp\/v2\/product_brand?post=5867"},{"taxonomy":"product_cat","embeddable":true,"href":"https:\/\/www.mr-vin.com\/en\/wp-json\/wp\/v2\/product_cat?post=5867"},{"taxonomy":"product_tag","embeddable":true,"href":"https:\/\/www.mr-vin.com\/en\/wp-json\/wp\/v2\/product_tag?post=5867"}],"curies":[{"name":"wp","href":"https:\/\/api.w.org\/{rel}","templated":true}]}}