{"id":5837,"date":"2021-09-16T12:38:01","date_gmt":"2021-09-16T10:38:01","guid":{"rendered":"https:\/\/www.mr-vin.com\/?post_type=product&#038;p=5837"},"modified":"2024-05-30T12:56:59","modified_gmt":"2024-05-30T10:56:59","slug":"obsessio-garnacha-vinyes-domenech","status":"publish","type":"product","link":"https:\/\/www.mr-vin.com\/en\/product\/obsessio-garnacha-vinyes-domenech\/","title":{"rendered":"Obsessi\u00f3 garnacha"},"content":{"rendered":"<p>85% Garnacha y 15% Samso. Fermentaci\u00f3n alcoh\u00f3lica y maceraci\u00f3n durante 20 d\u00edas. Parte del vino envejece en roble franc\u00e9s por un breve<br \/>\nper\u00edodo de seis meses y la otra parte, en dep\u00f3sitos de acero inoxidable con el fin de preservar los aromas varietales. Destacan los aromas de<br \/>\nfrutos rojos y las notas bals\u00e1micas de la maleza mediterr\u00e1nea.<\/p>\n<p><strong>Maridaje:<\/strong> Ternera, pasta, cordero, carne de caza, aves\u2026<\/p>\n","protected":false},"excerpt":{"rendered":"<p>85% Garnacha y 15% Samso. Fermentaci\u00f3n alcoh\u00f3lica y maceraci\u00f3n durante 20 d\u00edas. Parte del vino envejece en roble franc\u00e9s por\u2026<\/p>\n","protected":false},"featured_media":5838,"template":"","meta":{"inline_featured_image":false,"_monsterinsights_skip_tracking":false,"_monsterinsights_sitenote_active":false,"_monsterinsights_sitenote_note":"","_monsterinsights_sitenote_category":0},"product_brand":[],"product_cat":[806,77],"product_tag":[],"class_list":{"0":"post-5837","1":"product","2":"type-product","3":"status-publish","4":"has-post-thumbnail","6":"product_cat-vinos-revelacion","7":"product_cat-vinos-tintos","8":"pa_bodega-vinyes-domenech","9":"pa_estilo-buena-estructura","10":"pa_estilo-tinto-con-cuerpo","11":"pa_zona-vinicola-d-o-montsant","13":"first","14":"instock","15":"taxable","16":"shipping-taxable","17":"purchasable","18":"product-type-simple"},"_links":{"self":[{"href":"https:\/\/www.mr-vin.com\/en\/wp-json\/wp\/v2\/product\/5837","targetHints":{"allow":["GET"]}}],"collection":[{"href":"https:\/\/www.mr-vin.com\/en\/wp-json\/wp\/v2\/product"}],"about":[{"href":"https:\/\/www.mr-vin.com\/en\/wp-json\/wp\/v2\/types\/product"}],"wp:featuredmedia":[{"embeddable":true,"href":"https:\/\/www.mr-vin.com\/en\/wp-json\/wp\/v2\/media\/5838"}],"wp:attachment":[{"href":"https:\/\/www.mr-vin.com\/en\/wp-json\/wp\/v2\/media?parent=5837"}],"wp:term":[{"taxonomy":"product_brand","embeddable":true,"href":"https:\/\/www.mr-vin.com\/en\/wp-json\/wp\/v2\/product_brand?post=5837"},{"taxonomy":"product_cat","embeddable":true,"href":"https:\/\/www.mr-vin.com\/en\/wp-json\/wp\/v2\/product_cat?post=5837"},{"taxonomy":"product_tag","embeddable":true,"href":"https:\/\/www.mr-vin.com\/en\/wp-json\/wp\/v2\/product_tag?post=5837"}],"curies":[{"name":"wp","href":"https:\/\/api.w.org\/{rel}","templated":true}]}}