{"id":5830,"date":"2021-09-16T12:10:36","date_gmt":"2021-09-16T10:10:36","guid":{"rendered":"https:\/\/www.mr-vin.com\/?post_type=product&#038;p=5830"},"modified":"2025-03-15T09:14:27","modified_gmt":"2025-03-15T07:14:27","slug":"parajes-de-cabriel-bobal","status":"publish","type":"product","link":"https:\/\/www.mr-vin.com\/en\/product\/parajes-de-cabriel-bobal\/","title":{"rendered":"Parajes de Cabriel"},"content":{"rendered":"<p>100% Bobal. De un estilo m\u00e1s ligero, este monovarietal de Bobal tiene su origen, como su nombre indica, en vi\u00f1edos viejos plantados en el Parque Natural de las Hoces del r\u00edo Cabriel. Fresco y f\u00e1cil de beber, gracias a su crianza parcial en barricas de roble y dep\u00f3sitos de acero inoxidable.<br \/>\n<strong><br \/>\nMaridaje:<\/strong> Ideal con todo tipo de embutidos, quesos, jam\u00f3n, carnes a la brasa, pastas, paellas de pollo y conejo y plato complejos elaborados con productos como setas y trufa.<\/p>\n","protected":false},"excerpt":{"rendered":"<p>100% Bobal. De un estilo m\u00e1s ligero, este monovarietal de Bobal tiene su origen, como su nombre indica, en vi\u00f1edos\u2026<\/p>\n","protected":false},"featured_media":5831,"template":"","meta":{"inline_featured_image":false,"_monsterinsights_skip_tracking":false,"_monsterinsights_sitenote_active":false,"_monsterinsights_sitenote_note":"","_monsterinsights_sitenote_category":0},"product_brand":[],"product_cat":[806,77],"product_tag":[],"class_list":{"0":"post-5830","1":"product","2":"type-product","3":"status-publish","4":"has-post-thumbnail","6":"product_cat-vinos-revelacion","7":"product_cat-vinos-tintos","8":"pa_bodega-bruno-murciano","9":"pa_estilo-intensidad-media","10":"pa_estilo-tinto-suave-fresco","11":"pa_zona-vinicola-d-o-utiel-requena","13":"first","14":"instock","15":"taxable","16":"shipping-taxable","17":"purchasable","18":"product-type-simple"},"_links":{"self":[{"href":"https:\/\/www.mr-vin.com\/en\/wp-json\/wp\/v2\/product\/5830","targetHints":{"allow":["GET"]}}],"collection":[{"href":"https:\/\/www.mr-vin.com\/en\/wp-json\/wp\/v2\/product"}],"about":[{"href":"https:\/\/www.mr-vin.com\/en\/wp-json\/wp\/v2\/types\/product"}],"wp:featuredmedia":[{"embeddable":true,"href":"https:\/\/www.mr-vin.com\/en\/wp-json\/wp\/v2\/media\/5831"}],"wp:attachment":[{"href":"https:\/\/www.mr-vin.com\/en\/wp-json\/wp\/v2\/media?parent=5830"}],"wp:term":[{"taxonomy":"product_brand","embeddable":true,"href":"https:\/\/www.mr-vin.com\/en\/wp-json\/wp\/v2\/product_brand?post=5830"},{"taxonomy":"product_cat","embeddable":true,"href":"https:\/\/www.mr-vin.com\/en\/wp-json\/wp\/v2\/product_cat?post=5830"},{"taxonomy":"product_tag","embeddable":true,"href":"https:\/\/www.mr-vin.com\/en\/wp-json\/wp\/v2\/product_tag?post=5830"}],"curies":[{"name":"wp","href":"https:\/\/api.w.org\/{rel}","templated":true}]}}