{"id":5676,"date":"2021-07-20T17:58:10","date_gmt":"2021-07-20T15:58:10","guid":{"rendered":"https:\/\/www.mr-vin.com\/producto\/pack-albarino-selection-summer-2021\/"},"modified":"2021-07-27T18:37:32","modified_gmt":"2021-07-27T16:37:32","slug":"pack-albarinos-selection-summer-2021","status":"publish","type":"product","link":"https:\/\/www.mr-vin.com\/en\/product\/pack-albarinos-selection-summer-2021\/","title":{"rendered":"Pack: Albari\u00f1o selection summer 2021"},"content":{"rendered":"<p>The pack consists of 6 bottles:<\/p>\n<p>2x Env\u00eddia cochina<br \/>\n2x Frore de Carme<br \/>\n2x El jard\u00edn de Luc\u00eda<\/p>\n<p>* The image is merely a representation. It does not correspond to the final packaging.<\/p>\n","protected":false},"excerpt":{"rendered":"<p>The pack consists of 6 bottles: 2x Env\u00eddia cochina 2x Frore de Carme 2x El jard\u00edn de Luc\u00eda * The\u2026<\/p>\n","protected":false},"featured_media":5685,"template":"","meta":{"inline_featured_image":false,"_monsterinsights_skip_tracking":false,"_monsterinsights_sitenote_active":false,"_monsterinsights_sitenote_note":"","_monsterinsights_sitenote_category":0},"product_brand":[],"product_cat":[793,753,989,697],"product_tag":[],"class_list":{"0":"post-5676","1":"product","2":"type-product","3":"status-publish","4":"has-post-thumbnail","6":"product_cat-new","7":"product_cat-special-packs","8":"product_cat-valentines-day-2026","9":"product_cat-white-wines","11":"first","12":"instock","13":"featured","14":"taxable","15":"shipping-taxable","16":"purchasable","17":"product-type-simple"},"_links":{"self":[{"href":"https:\/\/www.mr-vin.com\/en\/wp-json\/wp\/v2\/product\/5676","targetHints":{"allow":["GET"]}}],"collection":[{"href":"https:\/\/www.mr-vin.com\/en\/wp-json\/wp\/v2\/product"}],"about":[{"href":"https:\/\/www.mr-vin.com\/en\/wp-json\/wp\/v2\/types\/product"}],"wp:featuredmedia":[{"embeddable":true,"href":"https:\/\/www.mr-vin.com\/en\/wp-json\/wp\/v2\/media\/5685"}],"wp:attachment":[{"href":"https:\/\/www.mr-vin.com\/en\/wp-json\/wp\/v2\/media?parent=5676"}],"wp:term":[{"taxonomy":"product_brand","embeddable":true,"href":"https:\/\/www.mr-vin.com\/en\/wp-json\/wp\/v2\/product_brand?post=5676"},{"taxonomy":"product_cat","embeddable":true,"href":"https:\/\/www.mr-vin.com\/en\/wp-json\/wp\/v2\/product_cat?post=5676"},{"taxonomy":"product_tag","embeddable":true,"href":"https:\/\/www.mr-vin.com\/en\/wp-json\/wp\/v2\/product_tag?post=5676"}],"curies":[{"name":"wp","href":"https:\/\/api.w.org\/{rel}","templated":true}]}}