{"id":5539,"date":"2021-07-27T15:49:52","date_gmt":"2021-07-27T13:49:52","guid":{"rendered":"https:\/\/www.mr-vin.com\/?post_type=product&#038;p=5539"},"modified":"2024-12-10T18:57:32","modified_gmt":"2024-12-10T16:57:32","slug":"domaine-des-trottieres-sin-sulfitos","status":"publish","type":"product","link":"https:\/\/www.mr-vin.com\/en\/product\/domaine-des-trottieres-sin-sulfitos\/","title":{"rendered":"Domaine des trottieres sin sulfitos"},"content":{"rendered":"<p>100% cabernet franc.<\/p>\n<div class=\"col-xs-12 col-sm-8 col-md-8 col-lg-8 no-padding-left padding-right-30\">\n<div id=\"description_courte\" class=\"clearfix margin-top-5\">\n<div id=\"description_courte_content\" class=\"rte align_justify\">\n<div class=\"no-margin text-justify taille-xs\">Las vi\u00f1as de este Anjou proceden de una regi\u00f3n situada en la zona con la climatolog\u00eda m\u00e1s c\u00e1lida del territorio y se beneficia de una exposici\u00f3n al sol particularmente elevada y de precipitaciones m\u00e1s escasas que la media. Estas condiciones naturalmente excepcionales favorecen una cosecha muy sana, anclada en una viticultura racional y sostenible (Terra Vitis, HVE). Por lo tanto, es l\u00f3gico que esta cosecha haya sido vinificada sin sulfitos a\u00f1adidos, para resaltar a\u00fan m\u00e1s el perfil natural y la regi\u00f3n de este Anjou, lleno de frescor y exquisitez. Los amantes de los vinos naturales estar\u00e1n encantados y conquistar\u00e1 a los m\u00e1s esc\u00e9pticos.<\/p>\n<\/div>\n<\/div>\n<div><\/div>\n<\/div>\n<\/div>\n<div class=\"col-xs-12 col-md-4\">\n<div class=\"row\">\n<div class=\"no-padding col-xs-12 col-md-12 col-lg-12 pull-right\">\n<div class=\"table-css-stacked-xs table-css-stacked-md table-css-stacked-lg table-block\">\n<div class=\"table-row-css\">\n<div class=\"table-cell-css vertical-align-middle text-center text-align-left height-auto bg-gray-lighter\">\n<form id=\"buy_block\" class=\"height-pourcent-92 no-margin\" action=\"https:\/\/www.vinatis.es\/panier\" method=\"post\">\n<div class=\"price full-width full-height table-css\">\n<div class=\"affiche-prix full-height full-width vertical-align-bottom padding-left-10 table-cell-css\"><\/div>\n<\/div>\n<\/form>\n<\/div>\n<\/div>\n<\/div>\n<\/div>\n<\/div>\n<\/div>\n","protected":false},"excerpt":{"rendered":"<p>100% cabernet franc. Las vi\u00f1as de este Anjou proceden de una regi\u00f3n situada en la zona con la climatolog\u00eda m\u00e1s\u2026<\/p>\n","protected":false},"featured_media":7638,"template":"","meta":{"inline_featured_image":false,"_monsterinsights_skip_tracking":false,"_monsterinsights_sitenote_active":false,"_monsterinsights_sitenote_note":"","_monsterinsights_sitenote_category":0},"product_brand":[],"product_cat":[792,78,77],"product_tag":[],"class_list":{"0":"post-5539","1":"product","2":"type-product","3":"status-publish","4":"has-post-thumbnail","6":"product_cat-novedades","7":"product_cat-vinos-ecologicos","8":"product_cat-vinos-tintos","9":"pa_bodega-domaine-des-trottieres","10":"pa_estilo-buena-estructura","11":"pa_estilo-tinto-con-cuerpo","12":"pa_zona-vinicola-anjou","14":"first","15":"instock","16":"taxable","17":"shipping-taxable","18":"purchasable","19":"product-type-simple"},"_links":{"self":[{"href":"https:\/\/www.mr-vin.com\/en\/wp-json\/wp\/v2\/product\/5539","targetHints":{"allow":["GET"]}}],"collection":[{"href":"https:\/\/www.mr-vin.com\/en\/wp-json\/wp\/v2\/product"}],"about":[{"href":"https:\/\/www.mr-vin.com\/en\/wp-json\/wp\/v2\/types\/product"}],"wp:featuredmedia":[{"embeddable":true,"href":"https:\/\/www.mr-vin.com\/en\/wp-json\/wp\/v2\/media\/7638"}],"wp:attachment":[{"href":"https:\/\/www.mr-vin.com\/en\/wp-json\/wp\/v2\/media?parent=5539"}],"wp:term":[{"taxonomy":"product_brand","embeddable":true,"href":"https:\/\/www.mr-vin.com\/en\/wp-json\/wp\/v2\/product_brand?post=5539"},{"taxonomy":"product_cat","embeddable":true,"href":"https:\/\/www.mr-vin.com\/en\/wp-json\/wp\/v2\/product_cat?post=5539"},{"taxonomy":"product_tag","embeddable":true,"href":"https:\/\/www.mr-vin.com\/en\/wp-json\/wp\/v2\/product_tag?post=5539"}],"curies":[{"name":"wp","href":"https:\/\/api.w.org\/{rel}","templated":true}]}}