{"id":5333,"date":"2020-09-04T09:24:39","date_gmt":"2020-09-04T07:24:39","guid":{"rendered":"https:\/\/www.mr-vin.com\/producto\/great-rioja-classics-pack\/"},"modified":"2021-06-10T09:31:54","modified_gmt":"2021-06-10T07:31:54","slug":"pack-grandes-clasicos-de-rioja-2","status":"publish","type":"product","link":"https:\/\/www.mr-vin.com\/en\/product\/pack-grandes-clasicos-de-rioja-2\/","title":{"rendered":"Great Rioja Classics Pack"},"content":{"rendered":"<p>Collection of great classic Rioja wines.<\/p>\n<p>1x Cune crianza<br \/>\n1x Vi\u00f1a Pomal reserva<br \/>\n1x Marqu\u00e9s de Murrieta<br \/>\n1x Luis Ca\u00f1as<br \/>\n1x El Coto Crianza<br \/>\n1x Hacienda L\u00f3pez de Haro<\/p>\n<p>* The image is merely a representation. It does not correspond to the final packaging.<\/p>\n","protected":false},"excerpt":{"rendered":"<p>Collection of great classic Rioja wines. 1x Cune crianza 1x Vi\u00f1a Pomal reserva 1x Marqu\u00e9s de Murrieta 1x Luis Ca\u00f1as\u2026<\/p>\n","protected":false},"featured_media":6554,"template":"","meta":{"inline_featured_image":false,"_monsterinsights_skip_tracking":false,"_monsterinsights_sitenote_active":false,"_monsterinsights_sitenote_note":"","_monsterinsights_sitenote_category":0},"product_brand":[],"product_cat":[793,696,753,989],"product_tag":[],"class_list":{"0":"post-5333","1":"product","2":"type-product","3":"status-publish","4":"has-post-thumbnail","6":"product_cat-new","7":"product_cat-red-wines","8":"product_cat-special-packs","9":"product_cat-valentines-day-2026","11":"first","12":"instock","13":"featured","14":"taxable","15":"shipping-taxable","16":"purchasable","17":"product-type-simple"},"_links":{"self":[{"href":"https:\/\/www.mr-vin.com\/en\/wp-json\/wp\/v2\/product\/5333","targetHints":{"allow":["GET"]}}],"collection":[{"href":"https:\/\/www.mr-vin.com\/en\/wp-json\/wp\/v2\/product"}],"about":[{"href":"https:\/\/www.mr-vin.com\/en\/wp-json\/wp\/v2\/types\/product"}],"wp:featuredmedia":[{"embeddable":true,"href":"https:\/\/www.mr-vin.com\/en\/wp-json\/wp\/v2\/media\/6554"}],"wp:attachment":[{"href":"https:\/\/www.mr-vin.com\/en\/wp-json\/wp\/v2\/media?parent=5333"}],"wp:term":[{"taxonomy":"product_brand","embeddable":true,"href":"https:\/\/www.mr-vin.com\/en\/wp-json\/wp\/v2\/product_brand?post=5333"},{"taxonomy":"product_cat","embeddable":true,"href":"https:\/\/www.mr-vin.com\/en\/wp-json\/wp\/v2\/product_cat?post=5333"},{"taxonomy":"product_tag","embeddable":true,"href":"https:\/\/www.mr-vin.com\/en\/wp-json\/wp\/v2\/product_tag?post=5333"}],"curies":[{"name":"wp","href":"https:\/\/api.w.org\/{rel}","templated":true}]}}