{"id":5167,"date":"2021-06-02T10:41:38","date_gmt":"2021-06-02T08:41:38","guid":{"rendered":"https:\/\/www.mr-vin.com\/?post_type=product&#038;p=5167"},"modified":"2024-05-30T12:56:53","modified_gmt":"2024-05-30T10:56:53","slug":"pack-6-copas-stolzle-banquet-02","status":"publish","type":"product","link":"https:\/\/www.mr-vin.com\/en\/product\/pack-6-copas-stolzle-banquet-02\/","title":{"rendered":"Pack 6 copas St\u00f6lzle Banquet &#8211; Modelo 02"},"content":{"rendered":"<p>Pack 6 copas St\u00f6lzle Banquet 02. Para vinos blancos j\u00f3venes, espumosos frescos, rosados, Jer\u00e9z, Oporto,Tokaj, Sauternes<\/p>\n","protected":false},"excerpt":{"rendered":"<p>Pack 6 copas St\u00f6lzle Banquet 02. Para vinos blancos j\u00f3venes, espumosos frescos, rosados, Jer\u00e9z, Oporto,Tokaj, Sauternes<\/p>\n","protected":false},"featured_media":5168,"template":"","meta":{"inline_featured_image":false,"_monsterinsights_skip_tracking":false,"_monsterinsights_sitenote_active":false,"_monsterinsights_sitenote_note":"","_monsterinsights_sitenote_category":0},"product_brand":[],"product_cat":[694],"product_tag":[],"class_list":{"0":"post-5167","1":"product","2":"type-product","3":"status-publish","4":"has-post-thumbnail","6":"product_cat-accesorios","8":"first","9":"outofstock","10":"taxable","11":"shipping-taxable","12":"purchasable","13":"product-type-simple"},"_links":{"self":[{"href":"https:\/\/www.mr-vin.com\/en\/wp-json\/wp\/v2\/product\/5167","targetHints":{"allow":["GET"]}}],"collection":[{"href":"https:\/\/www.mr-vin.com\/en\/wp-json\/wp\/v2\/product"}],"about":[{"href":"https:\/\/www.mr-vin.com\/en\/wp-json\/wp\/v2\/types\/product"}],"wp:featuredmedia":[{"embeddable":true,"href":"https:\/\/www.mr-vin.com\/en\/wp-json\/wp\/v2\/media\/5168"}],"wp:attachment":[{"href":"https:\/\/www.mr-vin.com\/en\/wp-json\/wp\/v2\/media?parent=5167"}],"wp:term":[{"taxonomy":"product_brand","embeddable":true,"href":"https:\/\/www.mr-vin.com\/en\/wp-json\/wp\/v2\/product_brand?post=5167"},{"taxonomy":"product_cat","embeddable":true,"href":"https:\/\/www.mr-vin.com\/en\/wp-json\/wp\/v2\/product_cat?post=5167"},{"taxonomy":"product_tag","embeddable":true,"href":"https:\/\/www.mr-vin.com\/en\/wp-json\/wp\/v2\/product_tag?post=5167"}],"curies":[{"name":"wp","href":"https:\/\/api.w.org\/{rel}","templated":true}]}}