{"id":4850,"date":"2021-01-26T14:42:23","date_gmt":"2021-01-26T12:42:23","guid":{"rendered":"https:\/\/www.mr-vin.com\/?post_type=product&#038;p=4850"},"modified":"2024-05-30T12:56:53","modified_gmt":"2024-05-30T10:56:53","slug":"las-blancas","status":"publish","type":"product","link":"https:\/\/www.mr-vin.com\/en\/product\/las-blancas\/","title":{"rendered":"Las Blancas"},"content":{"rendered":"<p><strong>Bruno Murciano Las Blancas<\/strong>\u00a0es un vino blanco con barrica elaborado por el sumiller\u00a0<strong>Bruno Murciano<\/strong>\u00a0en\u00a0<strong>D.O. Utiel-Requena<\/strong>\u00a0con las variedades\u00a0<strong>macabeo, malvas\u00eda, marisancho, moscatel\u00a0<\/strong>y<strong>\u00a0merseguera<\/strong>.<\/p>\n<p><strong>Bruno Murciano Las Blancas<\/strong>\u00a0realiza la fermentaci\u00f3n alcoh\u00f3lica en dep\u00f3sitos de acero inoxidable y la otra mitad, cr\u00eda sobre sus l\u00edas en barricas francesas de cuarto y quinto a\u00f1o. Despu\u00e9s envejece durante 6 meses sobre sus l\u00edas en barricas de roble franc\u00e9s.<\/p>\n","protected":false},"excerpt":{"rendered":"<p>Bruno Murciano Las Blancas\u00a0es un vino blanco con barrica elaborado por el sumiller\u00a0Bruno Murciano\u00a0en\u00a0D.O. Utiel-Requena\u00a0con las variedades\u00a0macabeo, malvas\u00eda, marisancho, moscatel\u00a0y\u00a0merseguera.\u2026<\/p>\n","protected":false},"featured_media":7839,"template":"","meta":{"inline_featured_image":false,"_monsterinsights_skip_tracking":false,"_monsterinsights_sitenote_active":false,"_monsterinsights_sitenote_note":"","_monsterinsights_sitenote_category":0},"product_brand":[],"product_cat":[79],"product_tag":[],"class_list":{"0":"post-4850","1":"product","2":"type-product","3":"status-publish","4":"has-post-thumbnail","6":"product_cat-vinos-blancos","7":"pa_bodega-bruno-murciano","8":"pa_zona-vinicola-d-o-utiel-requena","10":"first","11":"instock","12":"taxable","13":"shipping-taxable","14":"purchasable","15":"product-type-simple"},"_links":{"self":[{"href":"https:\/\/www.mr-vin.com\/en\/wp-json\/wp\/v2\/product\/4850","targetHints":{"allow":["GET"]}}],"collection":[{"href":"https:\/\/www.mr-vin.com\/en\/wp-json\/wp\/v2\/product"}],"about":[{"href":"https:\/\/www.mr-vin.com\/en\/wp-json\/wp\/v2\/types\/product"}],"wp:featuredmedia":[{"embeddable":true,"href":"https:\/\/www.mr-vin.com\/en\/wp-json\/wp\/v2\/media\/7839"}],"wp:attachment":[{"href":"https:\/\/www.mr-vin.com\/en\/wp-json\/wp\/v2\/media?parent=4850"}],"wp:term":[{"taxonomy":"product_brand","embeddable":true,"href":"https:\/\/www.mr-vin.com\/en\/wp-json\/wp\/v2\/product_brand?post=4850"},{"taxonomy":"product_cat","embeddable":true,"href":"https:\/\/www.mr-vin.com\/en\/wp-json\/wp\/v2\/product_cat?post=4850"},{"taxonomy":"product_tag","embeddable":true,"href":"https:\/\/www.mr-vin.com\/en\/wp-json\/wp\/v2\/product_tag?post=4850"}],"curies":[{"name":"wp","href":"https:\/\/api.w.org\/{rel}","templated":true}]}}