{"id":4598,"date":"2020-12-07T20:27:15","date_gmt":"2020-12-07T18:27:15","guid":{"rendered":"https:\/\/www.mr-vin.com\/?post_type=product&#038;p=4598"},"modified":"2024-05-30T12:56:52","modified_gmt":"2024-05-30T10:56:52","slug":"joan-sarda-brut-nature-reserva","status":"publish","type":"product","link":"https:\/\/www.mr-vin.com\/en\/product\/joan-sarda-brut-nature-reserva\/","title":{"rendered":"Joan Sard\u00e1 Brut Nature Reserva"},"content":{"rendered":"<p>De color dorado y de burbuja fina y elegante, bien integrada, este cava se presenta fresco y afrutado. Elaborado de forma tradicional, con las <strong>variedades Macabeo, Xarel\u00b7lo y Parellada<\/strong>, en perfecto equilibrio, en nariz se muestra intenso, con notas de fruta blanca y fruta amarilla, y emergen recuerdos de hierba fresca.<\/p>\n<p>15 meses de crianza.<\/p>\n<p><em>* Si quiere a\u00f1adir un mensaje de felicitaci\u00f3n con el pedido puede hacerlo de forma gratuita a\u00f1adi\u00e9ndolo en el campo &#8220;Mensaje&#8221; en el proceso de compra.<\/em><\/p>\n<p><a class=\"single_add_to_cart_button button\" href=\"https:\/\/www.mr-vin.com\/categoria-producto\/para-regalo\/\" target=\"_blank\" rel=\"noopener noreferrer\">Consulta opciones de embalajes para regalo<\/a><\/p>\n","protected":false},"excerpt":{"rendered":"<p>De color dorado y de burbuja fina y elegante, bien integrada, este cava se presenta fresco y afrutado. Elaborado de\u2026<\/p>\n","protected":false},"featured_media":4787,"template":"","meta":{"inline_featured_image":false,"_monsterinsights_skip_tracking":false,"_monsterinsights_sitenote_active":false,"_monsterinsights_sitenote_note":"","_monsterinsights_sitenote_category":0},"product_brand":[],"product_cat":[277],"product_tag":[810],"class_list":{"0":"post-4598","1":"product","2":"type-product","3":"status-publish","4":"has-post-thumbnail","6":"product_cat-espumosos","7":"product_tag-wineweek2021","8":"pa_estilo-espumoso-fresco","9":"pa_zona-vinicola-d-o-cava","11":"first","12":"outofstock","13":"taxable","14":"shipping-taxable","15":"purchasable","16":"product-type-simple"},"_links":{"self":[{"href":"https:\/\/www.mr-vin.com\/en\/wp-json\/wp\/v2\/product\/4598","targetHints":{"allow":["GET"]}}],"collection":[{"href":"https:\/\/www.mr-vin.com\/en\/wp-json\/wp\/v2\/product"}],"about":[{"href":"https:\/\/www.mr-vin.com\/en\/wp-json\/wp\/v2\/types\/product"}],"wp:featuredmedia":[{"embeddable":true,"href":"https:\/\/www.mr-vin.com\/en\/wp-json\/wp\/v2\/media\/4787"}],"wp:attachment":[{"href":"https:\/\/www.mr-vin.com\/en\/wp-json\/wp\/v2\/media?parent=4598"}],"wp:term":[{"taxonomy":"product_brand","embeddable":true,"href":"https:\/\/www.mr-vin.com\/en\/wp-json\/wp\/v2\/product_brand?post=4598"},{"taxonomy":"product_cat","embeddable":true,"href":"https:\/\/www.mr-vin.com\/en\/wp-json\/wp\/v2\/product_cat?post=4598"},{"taxonomy":"product_tag","embeddable":true,"href":"https:\/\/www.mr-vin.com\/en\/wp-json\/wp\/v2\/product_tag?post=4598"}],"curies":[{"name":"wp","href":"https:\/\/api.w.org\/{rel}","templated":true}]}}