{"id":4321,"date":"2020-09-05T20:57:36","date_gmt":"2020-09-05T18:57:36","guid":{"rendered":"https:\/\/www.mr-vin.com\/?post_type=product&#038;p=4321"},"modified":"2024-05-30T12:56:51","modified_gmt":"2024-05-30T10:56:51","slug":"manar-dos-seixas","status":"publish","type":"product","link":"https:\/\/www.mr-vin.com\/en\/product\/manar-dos-seixas\/","title":{"rendered":"Manar dos Seixas"},"content":{"rendered":"<p>81% Treixadura, 10% Albari\u00f1o, 8% Godello, 1% Loureiro blanco. Blanco de producci\u00f3n limitada y fragante nariz a c\u00edtricos y fruta blanca, al que el trabajo sobre l\u00edas le sum\u00f3 notas de pan fresco y levaduras finas<\/p>\n","protected":false},"excerpt":{"rendered":"<p>81% Treixadura, 10% Albari\u00f1o, 8% Godello, 1% Loureiro blanco. Blanco de producci\u00f3n limitada y fragante nariz a c\u00edtricos y fruta\u2026<\/p>\n","protected":false},"featured_media":4319,"template":"","meta":{"inline_featured_image":false,"_monsterinsights_skip_tracking":false,"_monsterinsights_sitenote_active":false,"_monsterinsights_sitenote_note":"","_monsterinsights_sitenote_category":0},"product_brand":[],"product_cat":[79],"product_tag":[],"class_list":{"0":"post-4321","1":"product","2":"type-product","3":"status-publish","4":"has-post-thumbnail","6":"product_cat-vinos-blancos","7":"pa_bodega-gallina-de-piel","8":"pa_zona-vinicola-d-o-ribeiro","10":"first","11":"instock","12":"taxable","13":"shipping-taxable","14":"purchasable","15":"product-type-simple"},"_links":{"self":[{"href":"https:\/\/www.mr-vin.com\/en\/wp-json\/wp\/v2\/product\/4321","targetHints":{"allow":["GET"]}}],"collection":[{"href":"https:\/\/www.mr-vin.com\/en\/wp-json\/wp\/v2\/product"}],"about":[{"href":"https:\/\/www.mr-vin.com\/en\/wp-json\/wp\/v2\/types\/product"}],"wp:featuredmedia":[{"embeddable":true,"href":"https:\/\/www.mr-vin.com\/en\/wp-json\/wp\/v2\/media\/4319"}],"wp:attachment":[{"href":"https:\/\/www.mr-vin.com\/en\/wp-json\/wp\/v2\/media?parent=4321"}],"wp:term":[{"taxonomy":"product_brand","embeddable":true,"href":"https:\/\/www.mr-vin.com\/en\/wp-json\/wp\/v2\/product_brand?post=4321"},{"taxonomy":"product_cat","embeddable":true,"href":"https:\/\/www.mr-vin.com\/en\/wp-json\/wp\/v2\/product_cat?post=4321"},{"taxonomy":"product_tag","embeddable":true,"href":"https:\/\/www.mr-vin.com\/en\/wp-json\/wp\/v2\/product_tag?post=4321"}],"curies":[{"name":"wp","href":"https:\/\/api.w.org\/{rel}","templated":true}]}}