{"id":4072,"date":"2020-08-17T15:06:50","date_gmt":"2020-08-17T13:06:50","guid":{"rendered":"https:\/\/www.mr-vin.com\/producto\/mauro-v-s\/"},"modified":"2025-02-21T13:33:21","modified_gmt":"2025-02-21T11:33:21","slug":"mauro-v-s","status":"publish","type":"product","link":"https:\/\/www.mr-vin.com\/en\/product\/mauro-v-s\/","title":{"rendered":"Mauro V.S."},"content":{"rendered":"<p>100% tempranillo. 26 meses de crianza, producci\u00f3n de 37.100 botellas.<\/p>\n<p>El Vendimia Seleccionada de Mauro es otro de sus grandes vinos, un tinto se\u00f1orial, con una fragancia floral muy seductora y un gran peso frutal que sorprende por su juventud. Denso, pleno y profundo, se elabora \u00fanicamente cuando la a\u00f1ada lo permite, a partir de una selecci\u00f3n de las mejores uvas de dos vi\u00f1edos situados en los t\u00e9rminos de Tudela de Duero y Traspinedo.<\/p>\n","protected":false},"excerpt":{"rendered":"<p>100% tempranillo. 26 meses de crianza, producci\u00f3n de 37.100 botellas. El Vendimia Seleccionada de Mauro es otro de sus grandes\u2026<\/p>\n","protected":false},"featured_media":2226,"template":"","meta":{"inline_featured_image":false,"_monsterinsights_skip_tracking":false,"_monsterinsights_sitenote_active":false,"_monsterinsights_sitenote_note":"","_monsterinsights_sitenote_category":0},"product_brand":[],"product_cat":[77],"product_tag":[],"class_list":{"0":"post-4072","1":"product","2":"type-product","3":"status-publish","4":"has-post-thumbnail","6":"product_cat-vinos-tintos","7":"pa_bodega-mauro","8":"pa_estilo-intensidad-alta","9":"pa_estilo-tinto-con-cuerpo","10":"pa_zona-vinicola-v-t-castilla-y-leon","12":"first","13":"instock","14":"taxable","15":"shipping-taxable","16":"purchasable","17":"product-type-simple"},"_links":{"self":[{"href":"https:\/\/www.mr-vin.com\/en\/wp-json\/wp\/v2\/product\/4072","targetHints":{"allow":["GET"]}}],"collection":[{"href":"https:\/\/www.mr-vin.com\/en\/wp-json\/wp\/v2\/product"}],"about":[{"href":"https:\/\/www.mr-vin.com\/en\/wp-json\/wp\/v2\/types\/product"}],"wp:featuredmedia":[{"embeddable":true,"href":"https:\/\/www.mr-vin.com\/en\/wp-json\/wp\/v2\/media\/2226"}],"wp:attachment":[{"href":"https:\/\/www.mr-vin.com\/en\/wp-json\/wp\/v2\/media?parent=4072"}],"wp:term":[{"taxonomy":"product_brand","embeddable":true,"href":"https:\/\/www.mr-vin.com\/en\/wp-json\/wp\/v2\/product_brand?post=4072"},{"taxonomy":"product_cat","embeddable":true,"href":"https:\/\/www.mr-vin.com\/en\/wp-json\/wp\/v2\/product_cat?post=4072"},{"taxonomy":"product_tag","embeddable":true,"href":"https:\/\/www.mr-vin.com\/en\/wp-json\/wp\/v2\/product_tag?post=4072"}],"curies":[{"name":"wp","href":"https:\/\/api.w.org\/{rel}","templated":true}]}}