{"id":4062,"date":"2020-08-17T15:06:48","date_gmt":"2020-08-17T13:06:48","guid":{"rendered":"https:\/\/www.mr-vin.com\/producto\/marchese-antinori-chianti-classico-riserva\/"},"modified":"2024-05-30T12:56:48","modified_gmt":"2024-05-30T10:56:48","slug":"marchese-antinori-chianti-classico-riserva","status":"publish","type":"product","link":"https:\/\/www.mr-vin.com\/en\/product\/marchese-antinori-chianti-classico-riserva\/","title":{"rendered":"Marchese Antinori Chianti Classico Riserva"},"content":{"rendered":"<p>El Marquese Antinori Riserva est\u00e1 elaborado exclusivamente en el dominio Tignanello de la familia Antinori. En nariz se perciben aromas de flores trituradas, bayas rojas dulces, menta y especias dulces, un Chianti Cl\u00e1sico con muchos matices y lleno de car\u00e1cter. La expresi\u00f3n de la fruta es sorprendente y el estilo que Antinori prioriza hoy en d\u00eda se basa en la frescura y los matices m\u00e1s que \u00fanicamente en la intensidad, que es evidente, en este maravilloso\u00a0<a class=\"maillage\" href=\"https:\/\/www.vinatis.es\/comprar-vino\">vino<\/a>.<\/p>\n<p><em>Sangiovese y cabernet sauvignon.<\/em><\/p>\n","protected":false},"excerpt":{"rendered":"<p>El Marquese Antinori Riserva est\u00e1 elaborado exclusivamente en el dominio Tignanello de la familia Antinori. En nariz se perciben aromas\u2026<\/p>\n","protected":false},"featured_media":1906,"template":"","meta":{"inline_featured_image":false,"_monsterinsights_skip_tracking":false,"_monsterinsights_sitenote_active":false,"_monsterinsights_sitenote_note":"","_monsterinsights_sitenote_category":0},"product_brand":[],"product_cat":[77],"product_tag":[],"class_list":{"0":"post-4062","1":"product","2":"type-product","3":"status-publish","4":"has-post-thumbnail","6":"product_cat-vinos-tintos","7":"pa_bodega-marchesi-antinori","8":"pa_estilo-buena-estructura","9":"pa_estilo-tinto-con-cuerpo","10":"pa_zona-vinicola-toscana","12":"first","13":"instock","14":"taxable","15":"shipping-taxable","16":"purchasable","17":"product-type-simple"},"_links":{"self":[{"href":"https:\/\/www.mr-vin.com\/en\/wp-json\/wp\/v2\/product\/4062","targetHints":{"allow":["GET"]}}],"collection":[{"href":"https:\/\/www.mr-vin.com\/en\/wp-json\/wp\/v2\/product"}],"about":[{"href":"https:\/\/www.mr-vin.com\/en\/wp-json\/wp\/v2\/types\/product"}],"wp:featuredmedia":[{"embeddable":true,"href":"https:\/\/www.mr-vin.com\/en\/wp-json\/wp\/v2\/media\/1906"}],"wp:attachment":[{"href":"https:\/\/www.mr-vin.com\/en\/wp-json\/wp\/v2\/media?parent=4062"}],"wp:term":[{"taxonomy":"product_brand","embeddable":true,"href":"https:\/\/www.mr-vin.com\/en\/wp-json\/wp\/v2\/product_brand?post=4062"},{"taxonomy":"product_cat","embeddable":true,"href":"https:\/\/www.mr-vin.com\/en\/wp-json\/wp\/v2\/product_cat?post=4062"},{"taxonomy":"product_tag","embeddable":true,"href":"https:\/\/www.mr-vin.com\/en\/wp-json\/wp\/v2\/product_tag?post=4062"}],"curies":[{"name":"wp","href":"https:\/\/api.w.org\/{rel}","templated":true}]}}