{"id":4058,"date":"2020-08-17T15:06:47","date_gmt":"2020-08-17T13:06:47","guid":{"rendered":"https:\/\/www.mr-vin.com\/producto\/corullon\/"},"modified":"2026-01-29T11:48:49","modified_gmt":"2026-01-29T09:48:49","slug":"corullon","status":"publish","type":"product","link":"https:\/\/www.mr-vin.com\/en\/product\/corullon\/","title":{"rendered":"Villa de Corull\u00f3n"},"content":{"rendered":"<p>100% menc\u00eda. Vino de un \u00fanico municipio al estilo de la Borgo\u00f1a.<\/p>\n","protected":false},"excerpt":{"rendered":"<p>100% menc\u00eda. Vino de un \u00fanico municipio al estilo de la Borgo\u00f1a.<\/p>\n","protected":false},"featured_media":2187,"template":"","meta":{"inline_featured_image":false,"_monsterinsights_skip_tracking":false,"_monsterinsights_sitenote_active":false,"_monsterinsights_sitenote_note":"","_monsterinsights_sitenote_category":0},"product_brand":[],"product_cat":[77],"product_tag":[],"class_list":{"0":"post-4058","1":"product","2":"type-product","3":"status-publish","4":"has-post-thumbnail","6":"product_cat-vinos-tintos","7":"pa_bodega-descendientes-de-j-palacios","8":"pa_estilo-buena-estructura","9":"pa_estilo-tinto-con-cuerpo","10":"pa_zona-vinicola-d-o-bierzo","12":"first","13":"instock","14":"taxable","15":"shipping-taxable","16":"purchasable","17":"product-type-simple"},"_links":{"self":[{"href":"https:\/\/www.mr-vin.com\/en\/wp-json\/wp\/v2\/product\/4058","targetHints":{"allow":["GET"]}}],"collection":[{"href":"https:\/\/www.mr-vin.com\/en\/wp-json\/wp\/v2\/product"}],"about":[{"href":"https:\/\/www.mr-vin.com\/en\/wp-json\/wp\/v2\/types\/product"}],"wp:featuredmedia":[{"embeddable":true,"href":"https:\/\/www.mr-vin.com\/en\/wp-json\/wp\/v2\/media\/2187"}],"wp:attachment":[{"href":"https:\/\/www.mr-vin.com\/en\/wp-json\/wp\/v2\/media?parent=4058"}],"wp:term":[{"taxonomy":"product_brand","embeddable":true,"href":"https:\/\/www.mr-vin.com\/en\/wp-json\/wp\/v2\/product_brand?post=4058"},{"taxonomy":"product_cat","embeddable":true,"href":"https:\/\/www.mr-vin.com\/en\/wp-json\/wp\/v2\/product_cat?post=4058"},{"taxonomy":"product_tag","embeddable":true,"href":"https:\/\/www.mr-vin.com\/en\/wp-json\/wp\/v2\/product_tag?post=4058"}],"curies":[{"name":"wp","href":"https:\/\/api.w.org\/{rel}","templated":true}]}}