{"id":3986,"date":"2020-08-15T19:01:26","date_gmt":"2020-08-15T19:01:26","guid":{"rendered":"https:\/\/www.mr-vin.com\/producto\/borsao-tres-picos\/"},"modified":"2025-03-27T16:53:46","modified_gmt":"2025-03-27T14:53:46","slug":"borsao-tres-picos","status":"publish","type":"product","link":"https:\/\/www.mr-vin.com\/en\/product\/borsao-tres-picos\/","title":{"rendered":"Borsao Tres Picos"},"content":{"rendered":"<p>100% garnacha. Vi\u00f1edos de 35 a 60 a\u00f1os a 600-700 metros altitud. 5 meses crianza en roble franc\u00e9s.<\/p>\n","protected":false},"excerpt":{"rendered":"<p>100% garnacha. Vi\u00f1edos de 35 a 60 a\u00f1os a 600-700 metros altitud. 5 meses crianza en roble franc\u00e9s.<\/p>\n","protected":false},"featured_media":609,"template":"","meta":{"inline_featured_image":false,"_monsterinsights_skip_tracking":false,"_monsterinsights_sitenote_active":false,"_monsterinsights_sitenote_note":"","_monsterinsights_sitenote_category":0},"product_brand":[],"product_cat":[77],"product_tag":[],"class_list":{"0":"post-3986","1":"product","2":"type-product","3":"status-publish","4":"has-post-thumbnail","6":"product_cat-vinos-tintos","7":"pa_bodega-borsao","8":"pa_estilo-buena-estructura","9":"pa_estilo-tinto-con-cuerpo","10":"pa_zona-vinicola-d-o-campo-de-borja","12":"first","13":"instock","14":"taxable","15":"shipping-taxable","16":"purchasable","17":"product-type-simple"},"_links":{"self":[{"href":"https:\/\/www.mr-vin.com\/en\/wp-json\/wp\/v2\/product\/3986","targetHints":{"allow":["GET"]}}],"collection":[{"href":"https:\/\/www.mr-vin.com\/en\/wp-json\/wp\/v2\/product"}],"about":[{"href":"https:\/\/www.mr-vin.com\/en\/wp-json\/wp\/v2\/types\/product"}],"wp:featuredmedia":[{"embeddable":true,"href":"https:\/\/www.mr-vin.com\/en\/wp-json\/wp\/v2\/media\/609"}],"wp:attachment":[{"href":"https:\/\/www.mr-vin.com\/en\/wp-json\/wp\/v2\/media?parent=3986"}],"wp:term":[{"taxonomy":"product_brand","embeddable":true,"href":"https:\/\/www.mr-vin.com\/en\/wp-json\/wp\/v2\/product_brand?post=3986"},{"taxonomy":"product_cat","embeddable":true,"href":"https:\/\/www.mr-vin.com\/en\/wp-json\/wp\/v2\/product_cat?post=3986"},{"taxonomy":"product_tag","embeddable":true,"href":"https:\/\/www.mr-vin.com\/en\/wp-json\/wp\/v2\/product_tag?post=3986"}],"curies":[{"name":"wp","href":"https:\/\/api.w.org\/{rel}","templated":true}]}}