{"id":3383,"date":"2020-08-10T18:40:35","date_gmt":"2020-08-10T16:40:35","guid":{"rendered":"https:\/\/www.mr-vin.com\/producto\/import-placeholder-for-797\/"},"modified":"2025-12-23T11:47:15","modified_gmt":"2025-12-23T09:47:15","slug":"louis-roederer-cristal-brut","status":"publish","type":"product","link":"https:\/\/www.mr-vin.com\/en\/product\/louis-roederer-cristal-brut\/","title":{"rendered":"Louis Roederer Cristal Brut"},"content":{"rendered":"<p>40% chardonnay y 60% pinot Noir. Mill\u00e9sime. M\u00e1s de 6 a\u00f1os de crianza en bodega.<\/p>\n","protected":false},"excerpt":{"rendered":"<p>40% chardonnay y 60% pinot Noir. Mill\u00e9sime. M\u00e1s de 6 a\u00f1os de crianza en bodega.<\/p>\n","protected":false},"featured_media":3673,"template":"","meta":{"inline_featured_image":false,"_monsterinsights_skip_tracking":false,"_monsterinsights_sitenote_active":false,"_monsterinsights_sitenote_note":"","_monsterinsights_sitenote_category":0},"product_brand":[],"product_cat":[277],"product_tag":[],"class_list":{"0":"post-3383","1":"product","2":"type-product","3":"status-publish","4":"has-post-thumbnail","6":"product_cat-espumosos","7":"pa_bodega-louis-roederer","8":"pa_estilo-espumoso-maduro","9":"pa_zona-vinicola-champagne","11":"first","12":"instock","13":"taxable","14":"shipping-taxable","15":"purchasable","16":"product-type-simple"},"_links":{"self":[{"href":"https:\/\/www.mr-vin.com\/en\/wp-json\/wp\/v2\/product\/3383","targetHints":{"allow":["GET"]}}],"collection":[{"href":"https:\/\/www.mr-vin.com\/en\/wp-json\/wp\/v2\/product"}],"about":[{"href":"https:\/\/www.mr-vin.com\/en\/wp-json\/wp\/v2\/types\/product"}],"wp:featuredmedia":[{"embeddable":true,"href":"https:\/\/www.mr-vin.com\/en\/wp-json\/wp\/v2\/media\/3673"}],"wp:attachment":[{"href":"https:\/\/www.mr-vin.com\/en\/wp-json\/wp\/v2\/media?parent=3383"}],"wp:term":[{"taxonomy":"product_brand","embeddable":true,"href":"https:\/\/www.mr-vin.com\/en\/wp-json\/wp\/v2\/product_brand?post=3383"},{"taxonomy":"product_cat","embeddable":true,"href":"https:\/\/www.mr-vin.com\/en\/wp-json\/wp\/v2\/product_cat?post=3383"},{"taxonomy":"product_tag","embeddable":true,"href":"https:\/\/www.mr-vin.com\/en\/wp-json\/wp\/v2\/product_tag?post=3383"}],"curies":[{"name":"wp","href":"https:\/\/api.w.org\/{rel}","templated":true}]}}