{"id":3373,"date":"2020-08-10T18:40:35","date_gmt":"2020-08-10T18:40:35","guid":{"rendered":"https:\/\/www.mr-vin.com\/producto\/import-placeholder-for-787\/"},"modified":"2024-05-30T12:56:44","modified_gmt":"2024-05-30T10:56:44","slug":"la-mision-magnum","status":"publish","type":"product","link":"https:\/\/www.mr-vin.com\/en\/product\/la-mision-magnum\/","title":{"rendered":"La Misi\u00f3n Magnum"},"content":{"rendered":"<p>100% verdejo de vi\u00f1as pre-filox\u00e9ricas. Crianza en barricas de roble franc\u00e9s de 500 litros durante 8 meses.<\/p>\n","protected":false},"excerpt":{"rendered":"<p>100% verdejo de vi\u00f1as pre-filox\u00e9ricas. Crianza en barricas de roble franc\u00e9s de 500 litros durante 8 meses.<\/p>\n","protected":false},"featured_media":700,"template":"","meta":{"inline_featured_image":false,"_monsterinsights_skip_tracking":false,"_monsterinsights_sitenote_active":false,"_monsterinsights_sitenote_note":"","_monsterinsights_sitenote_category":0},"product_brand":[],"product_cat":[440,79,78],"product_tag":[],"class_list":{"0":"post-3373","1":"product","2":"type-product","3":"status-publish","4":"has-post-thumbnail","6":"product_cat-magnum","7":"product_cat-vinos-blancos","8":"product_cat-vinos-ecologicos","9":"pa_bodega-menade","10":"pa_estilo-blanco-maduro-con-estructura","11":"pa_zona-vinicola-d-o-rueda","13":"first","14":"instock","15":"taxable","16":"shipping-taxable","17":"purchasable","18":"product-type-simple"},"_links":{"self":[{"href":"https:\/\/www.mr-vin.com\/en\/wp-json\/wp\/v2\/product\/3373","targetHints":{"allow":["GET"]}}],"collection":[{"href":"https:\/\/www.mr-vin.com\/en\/wp-json\/wp\/v2\/product"}],"about":[{"href":"https:\/\/www.mr-vin.com\/en\/wp-json\/wp\/v2\/types\/product"}],"wp:featuredmedia":[{"embeddable":true,"href":"https:\/\/www.mr-vin.com\/en\/wp-json\/wp\/v2\/media\/700"}],"wp:attachment":[{"href":"https:\/\/www.mr-vin.com\/en\/wp-json\/wp\/v2\/media?parent=3373"}],"wp:term":[{"taxonomy":"product_brand","embeddable":true,"href":"https:\/\/www.mr-vin.com\/en\/wp-json\/wp\/v2\/product_brand?post=3373"},{"taxonomy":"product_cat","embeddable":true,"href":"https:\/\/www.mr-vin.com\/en\/wp-json\/wp\/v2\/product_cat?post=3373"},{"taxonomy":"product_tag","embeddable":true,"href":"https:\/\/www.mr-vin.com\/en\/wp-json\/wp\/v2\/product_tag?post=3373"}],"curies":[{"name":"wp","href":"https:\/\/api.w.org\/{rel}","templated":true}]}}