{"id":3369,"date":"2020-08-10T18:40:34","date_gmt":"2020-08-10T18:40:34","guid":{"rendered":"https:\/\/www.mr-vin.com\/producto\/import-placeholder-for-783\/"},"modified":"2024-05-30T12:56:43","modified_gmt":"2024-05-30T10:56:43","slug":"castell-dencus-taleia-magnum","status":"publish","type":"product","link":"https:\/\/www.mr-vin.com\/en\/product\/castell-dencus-taleia-magnum\/","title":{"rendered":"Castell d&#8217;Encus Taleia Magnum"},"content":{"rendered":"<p>85% sauvignon blanc y 15% semill\u00f3n. Fermentado parcialmente en barricas nuevas de roble franc\u00e9s, tinos de 25 hectolitros y lagares de piedra. 45% de crianza en barrica el resto en acero inoxidable sobre l\u00edas.<\/p>\n","protected":false},"excerpt":{"rendered":"<p>85% sauvignon blanc y 15% semill\u00f3n. Fermentado parcialmente en barricas nuevas de roble franc\u00e9s, tinos de 25 hectolitros y lagares\u2026<\/p>\n","protected":false},"featured_media":1759,"template":"","meta":{"inline_featured_image":false,"_monsterinsights_skip_tracking":false,"_monsterinsights_sitenote_active":false,"_monsterinsights_sitenote_note":"","_monsterinsights_sitenote_category":0},"product_brand":[],"product_cat":[440,79],"product_tag":[],"class_list":{"0":"post-3369","1":"product","2":"type-product","3":"status-publish","4":"has-post-thumbnail","6":"product_cat-magnum","7":"product_cat-vinos-blancos","8":"pa_bodega-encus","9":"pa_estilo-blanco-joven-fresco-con-estructura","10":"pa_zona-vinicola-d-o-costers-del-segre","12":"first","13":"instock","14":"taxable","15":"shipping-taxable","16":"purchasable","17":"product-type-simple"},"_links":{"self":[{"href":"https:\/\/www.mr-vin.com\/en\/wp-json\/wp\/v2\/product\/3369","targetHints":{"allow":["GET"]}}],"collection":[{"href":"https:\/\/www.mr-vin.com\/en\/wp-json\/wp\/v2\/product"}],"about":[{"href":"https:\/\/www.mr-vin.com\/en\/wp-json\/wp\/v2\/types\/product"}],"wp:featuredmedia":[{"embeddable":true,"href":"https:\/\/www.mr-vin.com\/en\/wp-json\/wp\/v2\/media\/1759"}],"wp:attachment":[{"href":"https:\/\/www.mr-vin.com\/en\/wp-json\/wp\/v2\/media?parent=3369"}],"wp:term":[{"taxonomy":"product_brand","embeddable":true,"href":"https:\/\/www.mr-vin.com\/en\/wp-json\/wp\/v2\/product_brand?post=3369"},{"taxonomy":"product_cat","embeddable":true,"href":"https:\/\/www.mr-vin.com\/en\/wp-json\/wp\/v2\/product_cat?post=3369"},{"taxonomy":"product_tag","embeddable":true,"href":"https:\/\/www.mr-vin.com\/en\/wp-json\/wp\/v2\/product_tag?post=3369"}],"curies":[{"name":"wp","href":"https:\/\/api.w.org\/{rel}","templated":true}]}}