{"id":3365,"date":"2020-08-10T18:40:26","date_gmt":"2020-08-10T16:40:26","guid":{"rendered":"https:\/\/www.mr-vin.com\/producto\/import-placeholder-for-779\/"},"modified":"2024-05-30T12:56:43","modified_gmt":"2024-05-30T10:56:43","slug":"terras-gauda-magnum","status":"publish","type":"product","link":"https:\/\/www.mr-vin.com\/en\/product\/terras-gauda-magnum\/","title":{"rendered":"Terras Gauda Magnum"},"content":{"rendered":"<p>70% albari\u00f1o, 20% cai\u00f1o y 10% loureiro. Maceraci\u00f3n en frio y fermantaci\u00f3n en inox. <\/p>\n","protected":false},"excerpt":{"rendered":"<p>70% albari\u00f1o, 20% cai\u00f1o y 10% loureiro. Maceraci\u00f3n en frio y fermantaci\u00f3n en inox.<\/p>\n","protected":false},"featured_media":587,"template":"","meta":{"inline_featured_image":false,"_monsterinsights_skip_tracking":false,"_monsterinsights_sitenote_active":false,"_monsterinsights_sitenote_note":"","_monsterinsights_sitenote_category":0},"product_brand":[],"product_cat":[440,79],"product_tag":[],"class_list":{"0":"post-3365","1":"product","2":"type-product","3":"status-publish","4":"has-post-thumbnail","6":"product_cat-magnum","7":"product_cat-vinos-blancos","8":"pa_bodega-terras-gauda","9":"pa_estilo-blanco-joven-fresco-y-afrutado","10":"pa_zona-vinicola-d-o-rias-baixas","12":"first","13":"instock","14":"taxable","15":"shipping-taxable","16":"purchasable","17":"product-type-simple"},"_links":{"self":[{"href":"https:\/\/www.mr-vin.com\/en\/wp-json\/wp\/v2\/product\/3365","targetHints":{"allow":["GET"]}}],"collection":[{"href":"https:\/\/www.mr-vin.com\/en\/wp-json\/wp\/v2\/product"}],"about":[{"href":"https:\/\/www.mr-vin.com\/en\/wp-json\/wp\/v2\/types\/product"}],"wp:featuredmedia":[{"embeddable":true,"href":"https:\/\/www.mr-vin.com\/en\/wp-json\/wp\/v2\/media\/587"}],"wp:attachment":[{"href":"https:\/\/www.mr-vin.com\/en\/wp-json\/wp\/v2\/media?parent=3365"}],"wp:term":[{"taxonomy":"product_brand","embeddable":true,"href":"https:\/\/www.mr-vin.com\/en\/wp-json\/wp\/v2\/product_brand?post=3365"},{"taxonomy":"product_cat","embeddable":true,"href":"https:\/\/www.mr-vin.com\/en\/wp-json\/wp\/v2\/product_cat?post=3365"},{"taxonomy":"product_tag","embeddable":true,"href":"https:\/\/www.mr-vin.com\/en\/wp-json\/wp\/v2\/product_tag?post=3365"}],"curies":[{"name":"wp","href":"https:\/\/api.w.org\/{rel}","templated":true}]}}